{"id":637,"date":"2019-12-07T20:23:10","date_gmt":"2019-12-07T19:23:10","guid":{"rendered":"https:\/\/dev.ebene-c.de\/?page_id=637"},"modified":"2020-06-29T11:22:08","modified_gmt":"2020-06-29T09:22:08","slug":"diakonisches-werk","status":"publish","type":"page","link":"https:\/\/www.ebene-c.de\/de_de\/diakonisches-werk\/","title":{"rendered":"Diakonisches Werk"},"content":{"rendered":"<div class=\"vc_row wpb_row vc_row-fluid\"><div class=\"wpb_column vc_column_container vc_col-sm-6\"><div class=\"vc_column-inner\"><div class=\"wpb_wrapper\">\n\t<div class=\"wpb_text_column wpb_content_element \" >\n\t\t<div class=\"wpb_wrapper\">\n\t\t\t<h2>Diakonisches Werk W\u00fcrttemberg<br \/>\n<strong>\/<br \/>\n<\/strong>Design und Moderation Marketingfachtag<\/h2>\n\n\t\t<\/div>\n\t<\/div>\n\n\t<div class=\"wpb_text_column wpb_content_element \" >\n\t\t<div class=\"wpb_wrapper\">\n\t\t\t<h4>_Design Fachtagung<br \/>\n_Interaktive Workshopmodule<br \/>\n_Kreativit\u00e4tstechniken<\/h4>\n\n\t\t<\/div>\n\t<\/div>\n<\/div><\/div><\/div><div class=\"wpb_column vc_column_container vc_col-sm-6\"><div class=\"vc_column-inner\"><div class=\"wpb_wrapper\">\n\t<div  class=\"wpb_single_image wpb_content_element vc_align_left  vc_custom_1579708060820\">\n\t\t\n\t\t<figure class=\"wpb_wrapper vc_figure\">\n\t\t\t<div class=\"vc_single_image-wrapper   vc_box_border_grey\"><img class=\"vc_single_image-img \" src=\"https:\/\/www.ebene-c.de\/wp-content\/uploads\/2019\/12\/Diakonisches_Werk-340x302.png\" width=\"340\" height=\"302\" alt=\"Diakonisches_Werk\" title=\"Diakonisches_Werk\" \/><\/div>\n\t\t<\/figure>\n\t<\/div>\n<\/div><\/div><\/div><\/div><div class=\"vc_row wpb_row vc_row-fluid\"><div class=\"wpb_column vc_column_container vc_col-sm-6\"><div class=\"vc_column-inner\"><div class=\"wpb_wrapper\">\n\t<div class=\"wpb_text_column wpb_content_element \" >\n\t\t<div class=\"wpb_wrapper\">\n\t\t\t<div class=\"wpb_text_column wpb_content_element vc_custom_1538133902006\">\n<div class=\"wpb_wrapper\">\n<h4>Hintergrund<\/h4>\n<p>Das Diakonische Werk W\u00fcrttemberg ist der Dachverband f\u00fcr \u00fcber 2.000 Einrichtungen und Diensten. Insgesamt betreut die Diakonie in W\u00fcrttemberg etwa 270.000 Menschen mit 40.000 hauptamtlichen Mitarbeitern und mehr als 35.000 ehrenamtlichen B\u00fcrgerinnen und B\u00fcrgern.<\/p>\n<p><a href=\"https:\/\/www.diakonie-wuerttemberg.de\/\">www.diakonie-wuerttemberg.de<\/a><\/p>\n<h4>Aufgabe<\/h4>\n<p>Entwicklung von Workshop-Modulen, die w\u00e4hrend der Veranstaltung inspirieren, die Zusammenarbeit erm\u00f6glichen bzw. das Gruppengef\u00fchl st\u00e4rken und gleichzeitig viele Learnings f\u00fcr den Alltag bieten.<\/p>\n<h4>L\u00f6sung<\/h4>\n<p>ebene c entwickelte f\u00fcr den Marketing-Fachtag der Sozialstationen der Diakonie W\u00fcrttemberg ein spezielles Workshopdesign: In einem interaktiven Vortrag mit anschaulichen Beispielen und kreativen \u00dcbungen erhielten die rund 100 Teilnehmer einen praxisorientierten Intensiv-Kompakt-Kurs zum Thema Sozial-Marketing und Kreativit\u00e4tstechniken.<\/p>\n<\/div>\n<\/div>\n\n\t\t<\/div>\n\t<\/div>\n<\/div><\/div><\/div><div class=\"wpb_column vc_column_container vc_col-sm-6\"><div class=\"vc_column-inner\"><div class=\"wpb_wrapper\">\n\t<div class=\"wpb_text_column wpb_content_element \" >\n\t\t<div class=\"wpb_wrapper\">\n\t\t\t<div>\n<div>\n<h4><strong>Kundenstimmen<\/strong><\/h4>\n<p><em>\u201eDas Feedback der Teilnehmer war ausgesprochen positiv. Viele unserer Einrichtungen konnten konkrete Tipps und reichlich Inspiration mitnehmen. Besonders die Art und Weise der Moderatoren wurde gelobt. Es wird nicht der letzte Fachtag dieser Art gewesen sein.\u201c<\/em><\/p>\n<p>Johannes Kessler, Leiter der Abteilung Gesundheit, Alter und Pflege<\/p>\n<\/div>\n<\/div>\n\n\t\t<\/div>\n\t<\/div>\n\n\t<div  class=\"wpb_single_image wpb_content_element vc_align_left  vc_custom_1579708073163\">\n\t\t\n\t\t<figure class=\"wpb_wrapper vc_figure\">\n\t\t\t<div class=\"vc_single_image-wrapper   vc_box_border_grey\"><img class=\"vc_single_image-img \" src=\"https:\/\/www.ebene-c.de\/wp-content\/uploads\/2019\/12\/Bildschirmfoto-2019-12-10-um-16.48.16-340x302.png\" width=\"340\" height=\"302\" alt=\"Bildschirmfoto 2019-12-10 um 16.48.16\" title=\"Bildschirmfoto 2019-12-10 um 16.48.16\" \/><\/div>\n\t\t<\/figure>\n\t<\/div>\n<\/div><\/div><\/div><\/div><div class=\"vc_row wpb_row vc_row-fluid\"><div class=\"wpb_column vc_column_container vc_col-sm-12\"><div class=\"vc_column-inner\"><div class=\"wpb_wrapper\"><div class=\"vc_separator wpb_content_element vc_separator_align_center vc_sep_width_100 vc_sep_border_width_2 vc_sep_pos_align_center vc_separator_no_text vc_sep_color_black\" ><span class=\"vc_sep_holder vc_sep_holder_l\"><span  class=\"vc_sep_line\"><\/span><\/span><span class=\"vc_sep_holder vc_sep_holder_r\"><span  class=\"vc_sep_line\"><\/span><\/span>\n<\/div><\/div><\/div><\/div><\/div>\n","protected":false},"excerpt":{"rendered":"Diakonisches Werk W\u00fcrttemberg \/ Design und Moderation Marketingfachtag _Design Fachtagung _Interaktive Workshopmodule _Kreativit\u00e4tstechniken Hintergrund Das Diakonische Werk W\u00fcrttemberg ist der Dachverband f\u00fcr \u00fcber 2.000 Einrichtungen<span class=\"excerpt-hellip\"> [\u2026]<\/span>","protected":false},"author":1,"featured_media":0,"parent":0,"menu_order":0,"comment_status":"closed","ping_status":"closed","template":"","meta":[],"_links":{"self":[{"href":"https:\/\/www.ebene-c.de\/de_de\/wp-json\/wp\/v2\/pages\/637"}],"collection":[{"href":"https:\/\/www.ebene-c.de\/de_de\/wp-json\/wp\/v2\/pages"}],"about":[{"href":"https:\/\/www.ebene-c.de\/de_de\/wp-json\/wp\/v2\/types\/page"}],"author":[{"embeddable":true,"href":"https:\/\/www.ebene-c.de\/de_de\/wp-json\/wp\/v2\/users\/1"}],"replies":[{"embeddable":true,"href":"https:\/\/www.ebene-c.de\/de_de\/wp-json\/wp\/v2\/comments?post=637"}],"version-history":[{"count":14,"href":"https:\/\/www.ebene-c.de\/de_de\/wp-json\/wp\/v2\/pages\/637\/revisions"}],"predecessor-version":[{"id":1523,"href":"https:\/\/www.ebene-c.de\/de_de\/wp-json\/wp\/v2\/pages\/637\/revisions\/1523"}],"wp:attachment":[{"href":"https:\/\/www.ebene-c.de\/de_de\/wp-json\/wp\/v2\/media?parent=637"}],"curies":[{"name":"wp","href":"https:\/\/api.w.org\/{rel}","templated":true}]}}