{"id":640,"date":"2019-12-07T20:27:32","date_gmt":"2019-12-07T19:27:32","guid":{"rendered":"https:\/\/dev.ebene-c.de\/?page_id=640"},"modified":"2020-01-22T16:57:42","modified_gmt":"2020-01-22T15:57:42","slug":"hilfe-fuer-kranke-kinder","status":"publish","type":"page","link":"https:\/\/www.ebene-c.de\/de_de\/hilfe-fuer-kranke-kinder\/","title":{"rendered":"Hilfe f\u00fcr kranke Kinder"},"content":{"rendered":"<div class=\"vc_row wpb_row vc_row-fluid\"><div class=\"wpb_column vc_column_container vc_col-sm-6\"><div class=\"vc_column-inner\"><div class=\"wpb_wrapper\">\n\t<div class=\"wpb_text_column wpb_content_element \" >\n\t\t<div class=\"wpb_wrapper\">\n\t\t\t<h2>Stiftung f\u00fcr kranke Kinder in der Uniklinik T\u00fcbingen<br \/>\n\/<br \/>\nBegleitung bei Neuorganisation von Stiftung und Verein<\/h2>\n\n\t\t<\/div>\n\t<\/div>\n\n\t<div class=\"wpb_text_column wpb_content_element \" >\n\t\t<div class=\"wpb_wrapper\">\n\t\t\t<h4>_Analyse Ist-Stand<br \/>\n_Entwicklung neuer Perspektiven<br \/>\n_Kontinuierliche Begleitung<\/h4>\n\n\t\t<\/div>\n\t<\/div>\n<\/div><\/div><\/div><div class=\"wpb_column vc_column_container vc_col-sm-6\"><div class=\"vc_column-inner\"><div class=\"wpb_wrapper\">\n\t<div  class=\"wpb_single_image wpb_content_element vc_align_left  vc_custom_1579708564097\">\n\t\t\n\t\t<figure class=\"wpb_wrapper vc_figure\">\n\t\t\t<div class=\"vc_single_image-wrapper   vc_box_border_grey\"><img class=\"vc_single_image-img \" src=\"https:\/\/www.ebene-c.de\/wp-content\/uploads\/2019\/12\/treppenhaus-scaled-340x302.jpg\" width=\"340\" height=\"302\" alt=\"treppenhaus\" title=\"treppenhaus\" \/><\/div>\n\t\t<\/figure>\n\t<\/div>\n<\/div><\/div><\/div><\/div><div class=\"vc_row wpb_row vc_row-fluid\"><div class=\"wpb_column vc_column_container vc_col-sm-6\"><div class=\"vc_column-inner\"><div class=\"wpb_wrapper\">\n\t<div class=\"wpb_text_column wpb_content_element \" >\n\t\t<div class=\"wpb_wrapper\">\n\t\t\t<h4>Hintergrund<\/h4>\n<p>Das Ziel der Stiftung f\u00fcr kranke Kinder in der Kinderklinik T\u00fcbingen ist die bestm\u00f6gliche Behandlung und Begleitung der Kinder und ihrer Familien \u2013 unabh\u00e4ngig von der Art der Erkrankung.<\/p>\n<p>www.hilfe-fuer-kranke-kinder.de<\/p>\n<h4>Aufgabe<\/h4>\n<p>Die Organisation f\u00fcr die Zukunft neu strukturieren.<\/p>\n<h4>L\u00f6sung<\/h4>\n<p>In einem gemeinsamen Arbeitsmeeting mit Vorst\u00e4nden, Beir\u00e4ten und Mitarbeitern werden M\u00f6glichkeiten einer kommunikativen bzw. organisatorischen Ausrichtung erarbeitet. Mit dem Ziel, mehr Spender eindeutiger anzusprechen, um in der Zukunft noch mehr kranken Kindern noch besser helfen zu k\u00f6nnen.<\/p>\n\n\t\t<\/div>\n\t<\/div>\n<\/div><\/div><\/div><div class=\"wpb_column vc_column_container vc_col-sm-6\"><div class=\"vc_column-inner\"><div class=\"wpb_wrapper\">\n\t<div class=\"wpb_text_column wpb_content_element \" >\n\t\t<div class=\"wpb_wrapper\">\n\t\t\t<div>\n<div>\n<h4><strong>Kundenstimmen<\/strong><\/h4>\n<p>Angefangen hat alles mit einem sehr effektiven Workshop, in dem wir zusammen mit ebene c eine f\u00fcr uns alle \u00fcberraschende L\u00f6sung erarbeitet haben. Durch die Struktur des Workshops und ihre Moderation haben uns Herr Bohrmann und Herr Mack erm\u00f6glicht, Dinge zu denken, die wir vorher f\u00fcr nicht realisierbar gehalten haben.\u201c<\/p>\n<p>Thomas Hassel, Stiftungsvorstand, Hilfe f\u00fcr kranke Kinder \u2013 Die Stiftung in der Uni-Kinderklinik T\u00fcbingen<\/p>\n<\/div>\n<\/div>\n\n\t\t<\/div>\n\t<\/div>\n\n\t<div  class=\"wpb_single_image wpb_content_element vc_align_left  vc_custom_1579708660936\">\n\t\t\n\t\t<figure class=\"wpb_wrapper vc_figure\">\n\t\t\t<div class=\"vc_single_image-wrapper   vc_box_border_grey\"><img class=\"vc_single_image-img \" src=\"https:\/\/www.ebene-c.de\/wp-content\/uploads\/2019\/12\/meerwasseraquarium-scaled-340x302.jpg\" width=\"340\" height=\"302\" alt=\"meerwasseraquarium\" title=\"meerwasseraquarium\" \/><\/div>\n\t\t<\/figure>\n\t<\/div>\n<\/div><\/div><\/div><\/div><div class=\"vc_row wpb_row vc_row-fluid\"><div class=\"wpb_column vc_column_container vc_col-sm-12\"><div class=\"vc_column-inner\"><div class=\"wpb_wrapper\"><div class=\"vc_separator wpb_content_element vc_separator_align_center vc_sep_width_100 vc_sep_border_width_2 vc_sep_pos_align_center vc_separator_no_text vc_sep_color_black\" ><span class=\"vc_sep_holder vc_sep_holder_l\"><span  class=\"vc_sep_line\"><\/span><\/span><span class=\"vc_sep_holder vc_sep_holder_r\"><span  class=\"vc_sep_line\"><\/span><\/span>\n<\/div><\/div><\/div><\/div><\/div>\n","protected":false},"excerpt":{"rendered":"Stiftung f\u00fcr kranke Kinder in der Uniklinik T\u00fcbingen \/ Begleitung bei Neuorganisation von Stiftung und Verein _Analyse Ist-Stand _Entwicklung neuer Perspektiven _Kontinuierliche Begleitung Hintergrund Das<span class=\"excerpt-hellip\"> [\u2026]<\/span>","protected":false},"author":1,"featured_media":0,"parent":0,"menu_order":0,"comment_status":"closed","ping_status":"closed","template":"","meta":[],"_links":{"self":[{"href":"https:\/\/www.ebene-c.de\/de_de\/wp-json\/wp\/v2\/pages\/640"}],"collection":[{"href":"https:\/\/www.ebene-c.de\/de_de\/wp-json\/wp\/v2\/pages"}],"about":[{"href":"https:\/\/www.ebene-c.de\/de_de\/wp-json\/wp\/v2\/types\/page"}],"author":[{"embeddable":true,"href":"https:\/\/www.ebene-c.de\/de_de\/wp-json\/wp\/v2\/users\/1"}],"replies":[{"embeddable":true,"href":"https:\/\/www.ebene-c.de\/de_de\/wp-json\/wp\/v2\/comments?post=640"}],"version-history":[{"count":8,"href":"https:\/\/www.ebene-c.de\/de_de\/wp-json\/wp\/v2\/pages\/640\/revisions"}],"predecessor-version":[{"id":1142,"href":"https:\/\/www.ebene-c.de\/de_de\/wp-json\/wp\/v2\/pages\/640\/revisions\/1142"}],"wp:attachment":[{"href":"https:\/\/www.ebene-c.de\/de_de\/wp-json\/wp\/v2\/media?parent=640"}],"curies":[{"name":"wp","href":"https:\/\/api.w.org\/{rel}","templated":true}]}}