{"id":146,"date":"2019-11-27T23:40:31","date_gmt":"2019-11-27T22:40:31","guid":{"rendered":"https:\/\/dev.ebene-c.de\/?page_id=146"},"modified":"2020-01-22T13:57:25","modified_gmt":"2020-01-22T12:57:25","slug":"bioland","status":"publish","type":"page","link":"https:\/\/www.ebene-c.de\/en\/bioland\/","title":{"rendered":"Bioland"},"content":{"rendered":"<div class=\"vc_row wpb_row vc_row-fluid\"><div class=\"wpb_column vc_column_container vc_col-sm-6\"><div class=\"vc_column-inner\"><div class=\"wpb_wrapper\">\n\t<div class=\"wpb_text_column wpb_content_element\" >\n\t\t<div class=\"wpb_wrapper\">\n\t\t\t<h2>Bioland<br \/>\n\/<br \/>\nStrategic support of the cooperation<\/h2>\n\n\t\t<\/div>\n\t<\/div>\n\n\t<div class=\"wpb_text_column wpb_content_element\" >\n\t\t<div class=\"wpb_wrapper\">\n\t\t\t<h4>_Workshop series to develop key messages<br \/>\n_Condensation of the statements relevant to the target groups<br \/>\n_Development of a communication strategy<\/h4>\n\n\t\t<\/div>\n\t<\/div>\n<\/div><\/div><\/div><div class=\"wpb_column vc_column_container vc_col-sm-6\"><div class=\"vc_column-inner\"><div class=\"wpb_wrapper\">\n\t<div class=\"wpb_video_widget wpb_content_element vc_clearfix   vc_video-aspect-ratio-169 vc_video-el-width-100 vc_video-align-left\" >\n\t\t<div class=\"wpb_wrapper\">\n\t\t\t\n\t\t\t<div class=\"wpb_video_wrapper\"><iframe title=\"Bioland | Milch Nord | Lidl lohnt sich\" width=\"1220\" height=\"686\" src=\"https:\/\/www.youtube.com\/embed\/Yhus92UqcOQ?start=29&feature=oembed\" frameborder=\"0\" allow=\"accelerometer; autoplay; encrypted-media; gyroscope; picture-in-picture\" allowfullscreen><\/iframe><\/div>\n\t\t<\/div>\n\t<\/div>\n<\/div><\/div><\/div><\/div><div class=\"vc_row wpb_row vc_row-fluid\"><div class=\"wpb_column vc_column_container vc_col-sm-6\"><div class=\"vc_column-inner\"><div class=\"wpb_wrapper\">\n\t<div class=\"wpb_text_column wpb_content_element\" >\n\t\t<div class=\"wpb_wrapper\">\n\t\t\t<div class=\"wpb_text_column wpb_content_element vc_custom_1562313263235\">\n<div class=\"wpb_wrapper\">\n<h4><strong>Background<\/strong><\/h4>\n<p>Bioland is the leading association for organic farming in Germany. More than 7,700 farmers, gardeners, beekeepers and winegrowers farm according to the Bioland guidelines. In addition, there are more than 1,000 partners from production and trade such as bakeries, dairies, butchers and gastronomy.  Together they form a community of values for the benefit of man and the environment.<\/p>\n<p><a href=\"https:\/\/www.bioland.de\">www.bioland.de<\/a><\/p>\n<h4><strong>Task<\/strong><\/h4>\n<p>Since January 2019, Bioland and Lidl have been writing a new chapter in the ongoing transformation of the organic market. After intensive negotiations with Lidl, products from Bioland farmers such as apples and herbs are now increasingly available in the discounters' German branches. The strategic step to also convert dairy products of Lidl's own brand \"BioOrganic\" to organic-biological association quality was a sensation in the industry. For the Bioland community, the opening of this distribution channel is more than just a sales decision, because as a democratically organised association, there is a lot of room and need for the exchange of views and decisions. level c was responsible for the communicative accompaniment of this process and supported Bioland in its internal and external communication.<\/p>\n<p>The most important goal: to involve all members and partners of Bioland in this further development and to talk to the world with one voice.<\/p>\n<h4><strong>Solution<\/strong><\/h4>\n<p>In close cooperation with the Bioland Pr\u00e4sidium and the marketing and communications department, ebene c developed the contents for communication into Bioland and outwards to Lidl and the end consumer in workshops and meetings. The many different points of view within the association were condensed into core messages and prepared for public relations work. At the same time, the Bioland communication strategy was developed, which defines the procedure for all future tasks.<br \/>\nThe combination of a systemic approach, in which all perspectives are addressed, and professional marketing supported those responsible in successfully communicating the cooperation.<\/p>\n<\/div>\n<\/div>\n\n\t\t<\/div>\n\t<\/div>\n<\/div><\/div><\/div><div class=\"wpb_column vc_column_container vc_col-sm-6\"><div class=\"vc_column-inner\"><div class=\"wpb_wrapper\">\n\t<div class=\"wpb_text_column wpb_content_element\" >\n\t\t<div class=\"wpb_wrapper\">\n\t\t\t<div>\n<div>\n<h4><strong>Client quote<\/strong><\/h4>\n<p><em>In major changes and development processes, it is good to have a partner at your side who thinks along with the stakeholders' view. The Bioland brand lives from the people - they make the brand. Stefan and Arne have always provided clarity as sparring partners. Thank you for inspiring, discussing and finding quick-pragmatic solutions!<\/em><\/p>\n<p>Regina M\u00fcller, Leitung Marketing, Bioland e.V.<\/p>\n<p><em>ebene c has an important share in the professionalisation of Bioland's communication. With your mixture of emotional antennae and marketing know-how, you have been very helpful in helping us to focus on the central messages and important steps in this emotional topic area. It's great that Stefan Bohrmann and Arne Mack will continue to accompany us in the future.<\/em><\/p>\n<p>Jan Plagge, Pr\u00e4sident, Bioland e.V.<\/p>\n<\/div>\n<\/div>\n\n\t\t<\/div>\n\t<\/div>\n<\/div><\/div><\/div><\/div><div class=\"vc_row wpb_row vc_row-fluid\"><div class=\"wpb_column vc_column_container vc_col-sm-12\"><div class=\"vc_column-inner\"><div class=\"wpb_wrapper\"><div class=\"vc_separator wpb_content_element vc_separator_align_center vc_sep_width_100 vc_sep_border_width_2 vc_sep_pos_align_center vc_separator_no_text vc_sep_color_black\" ><span class=\"vc_sep_holder vc_sep_holder_l\"><span  class=\"vc_sep_line\"><\/span><\/span><span class=\"vc_sep_holder vc_sep_holder_r\"><span  class=\"vc_sep_line\"><\/span><\/span>\n<\/div><\/div><\/div><\/div><\/div>","protected":false},"excerpt":{"rendered":"Bioland \/ Begleitung strategische Kooperation _Workshopreihe zur Erarbeitung von Kernbotschaften _Zielgruppenrelevante Verdichtung der Aussagen _Entwicklung Kommunikationsstrategie Hintergrund Bioland ist der f\u00fchrende Verband f\u00fcr \u00f6kologischen Landbau<span class=\"excerpt-hellip\"> [\u2026]<\/span>","protected":false},"author":1,"featured_media":0,"parent":0,"menu_order":0,"comment_status":"closed","ping_status":"closed","template":"","meta":[],"_links":{"self":[{"href":"https:\/\/www.ebene-c.de\/en\/wp-json\/wp\/v2\/pages\/146"}],"collection":[{"href":"https:\/\/www.ebene-c.de\/en\/wp-json\/wp\/v2\/pages"}],"about":[{"href":"https:\/\/www.ebene-c.de\/en\/wp-json\/wp\/v2\/types\/page"}],"author":[{"embeddable":true,"href":"https:\/\/www.ebene-c.de\/en\/wp-json\/wp\/v2\/users\/1"}],"replies":[{"embeddable":true,"href":"https:\/\/www.ebene-c.de\/en\/wp-json\/wp\/v2\/comments?post=146"}],"version-history":[{"count":18,"href":"https:\/\/www.ebene-c.de\/en\/wp-json\/wp\/v2\/pages\/146\/revisions"}],"predecessor-version":[{"id":1086,"href":"https:\/\/www.ebene-c.de\/en\/wp-json\/wp\/v2\/pages\/146\/revisions\/1086"}],"wp:attachment":[{"href":"https:\/\/www.ebene-c.de\/en\/wp-json\/wp\/v2\/media?parent=146"}],"curies":[{"name":"wp","href":"https:\/\/api.w.org\/{rel}","templated":true}]}}