{"id":1482,"date":"2020-06-26T12:47:23","date_gmt":"2020-06-26T10:47:23","guid":{"rendered":"https:\/\/www.ebene-c.de\/?page_id=1482"},"modified":"2020-06-26T13:09:12","modified_gmt":"2020-06-26T11:09:12","slug":"flexis","status":"publish","type":"page","link":"https:\/\/www.ebene-c.de\/en\/flexis\/","title":{"rendered":"flexis"},"content":{"rendered":"<div class=\"vc_row wpb_row vc_row-fluid\"><div class=\"wpb_column vc_column_container vc_col-sm-6\"><div class=\"vc_column-inner\"><div class=\"wpb_wrapper\">\n\t<div class=\"wpb_text_column wpb_content_element\" >\n\t\t<div class=\"wpb_wrapper\">\n\t\t\t<h2>flexis<br \/>\n\/<br \/>\nWorkshop series brand development<\/h2>\n\n\t\t<\/div>\n\t<\/div>\n\n\t<div class=\"wpb_text_column wpb_content_element\" >\n\t\t<div class=\"wpb_wrapper\">\n\t\t\t<h4>_Strategic brand consulting<br \/>\n_Development of brand positioning<br \/>\n_Making complexity tangible and translating it for online platforms<\/h4>\n\n\t\t<\/div>\n\t<\/div>\n<\/div><\/div><\/div><div class=\"wpb_column vc_column_container vc_col-sm-6\"><div class=\"vc_column-inner\"><div class=\"wpb_wrapper\">\n\t<div  class=\"wpb_single_image wpb_content_element vc_align_left  vc_custom_1593169470349\">\n\t\t\n\t\t<figure class=\"wpb_wrapper vc_figure\">\n\t\t\t<div class=\"vc_single_image-wrapper   vc_box_border_grey\"><img class=\"vc_single_image-img\" src=\"https:\/\/www.ebene-c.de\/wp-content\/uploads\/2020\/06\/new-data-services-bbXaYbKWnjw-unsplash-scaled-500x300.jpg\" width=\"500\" height=\"300\" alt=\"new-data-services-bbXaYbKWnjw-unsplash\" title=\"new-data-services-bbXaYbKWnjw-unsplash\" \/><\/div>\n\t\t<\/figure>\n\t<\/div>\n<\/div><\/div><\/div><\/div><div class=\"vc_row wpb_row vc_row-fluid\"><div class=\"wpb_column vc_column_container vc_col-sm-6\"><div class=\"vc_column-inner\"><div class=\"wpb_wrapper\">\n\t<div class=\"wpb_text_column wpb_content_element\" >\n\t\t<div class=\"wpb_wrapper\">\n\t\t\t<div class=\"wpb_text_column wpb_content_element vc_custom_1562313263235\">\n<div class=\"wpb_wrapper\">\n<h4><span style=\"color: #000000;\"><strong>Background<\/strong><\/span><\/h4>\n<p>flexis AG is a software manufacturer and solution provider headquartered in Stuttgart with subsidiaries in the USA, Canada, Japan and China. Based on standardized modules, flexis creates customer-oriented solutions - from long-term sales planning to sequencing in the short-term area and holistic supply chain solutions to optimize the complete process chain at OEMs.<\/p>\n<p><span style=\"color: #000000;\"><a style=\"color: #000000;\" href=\"https:\/\/www.flexis.com\">www.flexis.com<\/a><\/span><\/p>\n<p>&nbsp;<\/p>\n<h4><span style=\"color: #000000;\"><strong>Task<\/strong><\/span><\/h4>\n<p>Strategic and creative consulting for the communicative sharpening of the brand. From clear positioning and the development of core messages for all relevant target groups to the implementation of a website concept.<\/p>\n<p><span style=\"color: #000000;\">\u00a0<\/span><\/p>\n<p><span style=\"color: #000000;\"><strong>Solution<\/strong><\/span><\/p>\n<p>A comprehensive series of workshops on brand sharpening - from brand positioning and a target group portfolio matrix to the development of relevant core messages and the conception of a sales-boosting online platform The project was commissioned and developed in close collaboration with Ute Schmidt from follow red - branding experiences.<\/p>\n<p><span style=\"color: #000000;\">\u00a0<\/span><\/p>\n<p>&nbsp;<\/p>\n<\/div>\n<\/div>\n\n\t\t<\/div>\n\t<\/div>\n<\/div><\/div><\/div><div class=\"wpb_column vc_column_container vc_col-sm-6\"><div class=\"vc_column-inner\"><div class=\"wpb_wrapper\">\n\t<div class=\"wpb_text_column wpb_content_element\" >\n\t\t<div class=\"wpb_wrapper\">\n\t\t\t<div>\n<div>\n<h4><strong>Client quote<\/strong><\/h4>\n<p><em>We are all quick-witted, Arne Mack is a consultant who even accelerated us. Our business is very complex. Thanks to the stringent moderation and effective exchange in the workshops, we not only sharpened the brand core, but also defined the central principles and messages for our new website.<\/em><\/p>\n<p><strong>Philipp Beisswenger<\/strong><br \/>\nChief Executive Officer<br \/>\nflexis AG<\/p>\n<\/div>\n<p>&nbsp;<\/p>\n<p><em>Goal-oriented, effective and creative, that is how I would describe Arne in 3 words. From my point of view, he has played a major role in focusing and modernizing the flexis brand. I look forward to the next workshops with him. <\/em><\/p>\n<p><strong>\u00a0<\/strong><strong>Ute Schmidt <\/strong><\/p>\n<p>Senior Consultant Public Relations<br \/>\nfollow red<\/p>\n<\/div>\n\n\t\t<\/div>\n\t<\/div>\n<\/div><\/div><\/div><\/div><div class=\"vc_row wpb_row vc_row-fluid\"><div class=\"wpb_column vc_column_container vc_col-sm-12\"><div class=\"vc_column-inner\"><div class=\"wpb_wrapper\"><div class=\"vc_separator wpb_content_element vc_separator_align_center vc_sep_width_100 vc_sep_border_width_2 vc_sep_pos_align_center vc_separator_no_text vc_sep_color_black\" ><span class=\"vc_sep_holder vc_sep_holder_l\"><span  class=\"vc_sep_line\"><\/span><\/span><span class=\"vc_sep_holder vc_sep_holder_r\"><span  class=\"vc_sep_line\"><\/span><\/span>\n<\/div><\/div><\/div><\/div><\/div><div class=\"vc_row wpb_row vc_row-fluid\"><div class=\"wpb_column vc_column_container vc_col-sm-12\"><div class=\"vc_column-inner\"><div class=\"wpb_wrapper\"><\/div><\/div><\/div><\/div>","protected":false},"excerpt":{"rendered":"flexis \/ Workshopreihe Markenentwicklung _Strategische Markenberatung _Entwicklung Markenpositionierung _Komplexit\u00e4t greifbar machen und f\u00fcr Online-Plattform \u00fcbersetzen Hintergrund Die flexis AG ist ein Softwarehersteller und L\u00f6sungsanbieter mit<span class=\"excerpt-hellip\"> [\u2026]<\/span>","protected":false},"author":1,"featured_media":0,"parent":0,"menu_order":0,"comment_status":"closed","ping_status":"closed","template":"","meta":[],"_links":{"self":[{"href":"https:\/\/www.ebene-c.de\/en\/wp-json\/wp\/v2\/pages\/1482"}],"collection":[{"href":"https:\/\/www.ebene-c.de\/en\/wp-json\/wp\/v2\/pages"}],"about":[{"href":"https:\/\/www.ebene-c.de\/en\/wp-json\/wp\/v2\/types\/page"}],"author":[{"embeddable":true,"href":"https:\/\/www.ebene-c.de\/en\/wp-json\/wp\/v2\/users\/1"}],"replies":[{"embeddable":true,"href":"https:\/\/www.ebene-c.de\/en\/wp-json\/wp\/v2\/comments?post=1482"}],"version-history":[{"count":12,"href":"https:\/\/www.ebene-c.de\/en\/wp-json\/wp\/v2\/pages\/1482\/revisions"}],"predecessor-version":[{"id":1500,"href":"https:\/\/www.ebene-c.de\/en\/wp-json\/wp\/v2\/pages\/1482\/revisions\/1500"}],"wp:attachment":[{"href":"https:\/\/www.ebene-c.de\/en\/wp-json\/wp\/v2\/media?parent=1482"}],"curies":[{"name":"wp","href":"https:\/\/api.w.org\/{rel}","templated":true}]}}