{"id":1924,"date":"2021-01-29T13:18:56","date_gmt":"2021-01-29T12:18:56","guid":{"rendered":"https:\/\/www.ebene-c.de\/?page_id=1924"},"modified":"2021-02-02T08:34:40","modified_gmt":"2021-02-02T07:34:40","slug":"deae","status":"publish","type":"page","link":"https:\/\/www.ebene-c.de\/en\/deae\/","title":{"rendered":"DEAE"},"content":{"rendered":"<div class=\"vc_row wpb_row vc_row-fluid\"><div class=\"wpb_column vc_column_container vc_col-sm-6\"><div class=\"vc_column-inner\"><div class=\"wpb_wrapper\">\n\t<div class=\"wpb_text_column wpb_content_element\" >\n\t\t<div class=\"wpb_wrapper\">\n\t\t\t<h2>DEAE<br \/>\n\/<\/h2>\n<h2>Organisations-<br \/>\nEntwicklung<\/h2>\n\n\t\t<\/div>\n\t<\/div>\n\n\t<div class=\"wpb_text_column wpb_content_element\" >\n\t\t<div class=\"wpb_wrapper\">\n\t\t\t<h4><strong>_Brand Positioning<br \/>\n_Definition of the service areas<br \/>\n_Hybrid Workshop Series\u00a0<\/strong><\/h4>\n\n\t\t<\/div>\n\t<\/div>\n<\/div><\/div><\/div><div class=\"wpb_column vc_column_container vc_col-sm-6\"><div class=\"vc_column-inner\"><div class=\"wpb_wrapper\">\n\t<div  class=\"wpb_single_image wpb_content_element vc_align_left  vc_custom_1611923854526\">\n\t\t\n\t\t<figure class=\"wpb_wrapper vc_figure\">\n\t\t\t<div class=\"vc_single_image-wrapper   vc_box_border_grey\"><img class=\"vc_single_image-img\" src=\"https:\/\/www.ebene-c.de\/wp-content\/uploads\/2021\/01\/IMG_4283-scaled-500x300.jpeg\" width=\"500\" height=\"300\" alt=\"IMG_4283\" title=\"IMG_4283\" \/><\/div>\n\t\t<\/figure>\n\t<\/div>\n<\/div><\/div><\/div><\/div><div class=\"vc_row wpb_row vc_row-fluid\"><div class=\"wpb_column vc_column_container vc_col-sm-6\"><div class=\"vc_column-inner\"><div class=\"wpb_wrapper\">\n\t<div class=\"wpb_text_column wpb_content_element\" >\n\t\t<div class=\"wpb_wrapper\">\n\t\t\t<div class=\"wpb_text_column wpb_content_element vc_custom_1562313263235\">\n<div class=\"wpb_wrapper\">\n<h4><span style=\"color: #000000;\"><strong>Background<\/strong><\/span><\/h4>\n<p>The DEAE is the nationwide association of Protestant adult education, which takes place in educational organisations, family education centres, church congregations, academies and regional organisations, clubs and associations, among others. Our work aims at networking the member organisations, promoting their professionalism, bundling their interests and representing them vis-\u00e0-vis the church and society.<\/p>\n<p>Protestant adult education is both a part of the church and of publicly accountable continuing education. The DEAE is the place for discourse on educational policy developments at the federal, state and church levels. Adult education expertise comes together in the DEAE. It offers adult education professionals a platform to develop new perspectives for their work at the interface of politics, church, society and science.<\/p>\n<p><span style=\"color: #000000;\">\u00a0<\/span><a href=\"http:\/\/deae.de\/\"><span style=\"color: #000000;\">www.deae.de<\/span><\/a><\/p>\n<h4><span style=\"color: #000000;\"><strong>Task<\/strong><\/span><\/h4>\n<p>To concretise the positioning as a basis for the further development of the national association with regard to target groups as well as internal and external communication.<\/p>\n<p>&nbsp;<\/p>\n<\/div>\n<\/div>\n\n\t\t<\/div>\n\t<\/div>\n\n\t<div  class=\"wpb_single_image wpb_content_element vc_align_left  vc_custom_1611922723706\">\n\t\t\n\t\t<figure class=\"wpb_wrapper vc_figure\">\n\t\t\t<div class=\"vc_single_image-wrapper   vc_box_border_grey\"><img class=\"vc_single_image-img\" src=\"https:\/\/www.ebene-c.de\/wp-content\/uploads\/2021\/01\/IMG_4265-scaled-500x300.jpeg\" width=\"500\" height=\"300\" alt=\"IMG_4265\" title=\"IMG_4265\" \/><\/div>\n\t\t<\/figure>\n\t<\/div>\n\n\t<div class=\"wpb_text_column wpb_content_element\" >\n\t\t<div class=\"wpb_wrapper\">\n\t\t\t<div class=\"wpb_text_column wpb_content_element vc_custom_1562313263235\">\n<div class=\"wpb_wrapper\">\n<h4><span style=\"color: #000000;\"><strong>Solution<\/strong><\/span><\/h4>\n<p>Series of workshops with kick-off at the general meeting, concentrated online meetings with the core team and a final workshop. In the kick-off workshop, ebene c used an effective creative technique to quickly collect the benefits of the umbrella organisation for the members and laid the foundation for the participatory organisational development process. In the subsequent series of online workshops, the core topics and fields of activity of the office were discussed and defined. The results formed the basis for the final brand workshop focusing on: Further development of the DEAE as a brand, formulation of target group-specific goals and measures as well as the definition of corresponding success criteria. ebene c summarised all results in a strategy document, which will be translated into concrete measures at the next general meeting.<\/p>\n<\/div>\n<\/div>\n\n\t\t<\/div>\n\t<\/div>\n<\/div><\/div><\/div><div class=\"wpb_column vc_column_container vc_col-sm-6\"><div class=\"vc_column-inner\"><div class=\"wpb_wrapper\">\n\t<div class=\"wpb_text_column wpb_content_element\" >\n\t\t<div class=\"wpb_wrapper\">\n\t\t\t<div>\n<div>\n<h4><strong>Client quote<\/strong><\/h4>\n<p><em>\"Whether in a physical workshop, on the phone or in online meetings, through their structured approach and appreciative manner, Stefan Bohrmann and Arne Mack have accompanied us an important piece on our journey.\"<\/em><\/p>\n<p>Antje R\u00f6sener <strong><br \/>\n<\/strong>Vorstandsvorsitzende, Deutsche Evangelische Arbeitsgemeinschaft f\u00fcr Erwachsenenbildung (DEAE) e.V.<\/p>\n<p>&nbsp;<\/p>\n<\/div>\n<p><em>\"ebene c succeeds in condensing the different points of view and also in bundling them into a good result. In doing so, Stefan Bohrmann and Arne Mack also keep an eye on the different roles. This is very important in the work of the association. It has enabled me to experience myself as effective in the role of national director, professionally, politically but also as a person.\"<\/em><\/p>\n<p>Michael Glatz<br \/>\nBundesgesch\u00e4ftsf\u00fchrer, Deutsche Evangelische Arbeitsgemeinschaft f\u00fcr Erwachsenenbildung (DEAE) e.V.<\/p>\n<\/div>\n\n\t\t<\/div>\n\t<\/div>\n\n\t<div  class=\"wpb_single_image wpb_content_element vc_align_left  vc_custom_1611923888178\">\n\t\t\n\t\t<figure class=\"wpb_wrapper vc_figure\">\n\t\t\t<div class=\"vc_single_image-wrapper   vc_box_border_grey\"><img class=\"vc_single_image-img\" src=\"https:\/\/www.ebene-c.de\/wp-content\/uploads\/2021\/01\/IMG_4247-scaled-500x500.jpeg\" width=\"500\" height=\"500\" alt=\"IMG_4247\" title=\"IMG_4247\" \/><\/div>\n\t\t<\/figure>\n\t<\/div>\n<\/div><\/div><\/div><\/div><div class=\"vc_row wpb_row vc_row-fluid\"><div class=\"wpb_column vc_column_container vc_col-sm-12\"><div class=\"vc_column-inner\"><div class=\"wpb_wrapper\"><div class=\"vc_separator wpb_content_element vc_separator_align_center vc_sep_width_100 vc_sep_border_width_2 vc_sep_pos_align_center vc_separator_no_text vc_sep_color_black\" ><span class=\"vc_sep_holder vc_sep_holder_l\"><span  class=\"vc_sep_line\"><\/span><\/span><span class=\"vc_sep_holder vc_sep_holder_r\"><span  class=\"vc_sep_line\"><\/span><\/span>\n<\/div><\/div><\/div><\/div><\/div><div class=\"vc_row wpb_row vc_row-fluid\"><div class=\"wpb_column vc_column_container vc_col-sm-12\"><div class=\"vc_column-inner\"><div class=\"wpb_wrapper\"><\/div><\/div><\/div><\/div>","protected":false},"excerpt":{"rendered":"DEAE \/ Organisations- Entwicklung _Markenpositionierung _Definition Leistungsbereiche _Hybride Workshop Reihe\u00a0 Hintergrund Die DEAE ist der bundesweite Zusammenschluss der evangelischen Erwachsenenbildung, die sich u.a. in Bildungswerken,<span class=\"excerpt-hellip\"> [\u2026]<\/span>","protected":false},"author":1,"featured_media":0,"parent":0,"menu_order":0,"comment_status":"closed","ping_status":"closed","template":"","meta":[],"_links":{"self":[{"href":"https:\/\/www.ebene-c.de\/en\/wp-json\/wp\/v2\/pages\/1924"}],"collection":[{"href":"https:\/\/www.ebene-c.de\/en\/wp-json\/wp\/v2\/pages"}],"about":[{"href":"https:\/\/www.ebene-c.de\/en\/wp-json\/wp\/v2\/types\/page"}],"author":[{"embeddable":true,"href":"https:\/\/www.ebene-c.de\/en\/wp-json\/wp\/v2\/users\/1"}],"replies":[{"embeddable":true,"href":"https:\/\/www.ebene-c.de\/en\/wp-json\/wp\/v2\/comments?post=1924"}],"version-history":[{"count":12,"href":"https:\/\/www.ebene-c.de\/en\/wp-json\/wp\/v2\/pages\/1924\/revisions"}],"predecessor-version":[{"id":2019,"href":"https:\/\/www.ebene-c.de\/en\/wp-json\/wp\/v2\/pages\/1924\/revisions\/2019"}],"wp:attachment":[{"href":"https:\/\/www.ebene-c.de\/en\/wp-json\/wp\/v2\/media?parent=1924"}],"curies":[{"name":"wp","href":"https:\/\/api.w.org\/{rel}","templated":true}]}}