{"id":2257,"date":"2022-05-23T10:23:07","date_gmt":"2022-05-23T08:23:07","guid":{"rendered":"https:\/\/www.ebene-c.de\/?page_id=2257"},"modified":"2022-05-23T10:23:07","modified_gmt":"2022-05-23T08:23:07","slug":"primavera-3","status":"publish","type":"page","link":"https:\/\/www.ebene-c.de\/en\/primavera-3\/","title":{"rendered":"Primavera"},"content":{"rendered":"<div class=\"vc_row wpb_row vc_row-fluid\"><div class=\"wpb_column vc_column_container vc_col-sm-6\"><div class=\"vc_column-inner\"><div class=\"wpb_wrapper\">\n\t<div class=\"wpb_text_column wpb_content_element\" >\n\t\t<div class=\"wpb_wrapper\">\n\t\t\t<h2>Primavera<br \/>\n\/<\/h2>\n<h2>Corporate Strategy Development<\/h2>\n\n\t\t<\/div>\n\t<\/div>\n\n\t<div class=\"wpb_text_column wpb_content_element\" >\n\t\t<div class=\"wpb_wrapper\">\n\t\t\t<h4><strong>_Brand Positioning<br \/>\n<\/strong><strong>_Dimensions of Strategy<br \/>\n<\/strong><strong>_Future orientation<\/strong><\/h4>\n\n\t\t<\/div>\n\t<\/div>\n<\/div><\/div><\/div><div class=\"wpb_column vc_column_container vc_col-sm-6\"><div class=\"vc_column-inner\"><div class=\"wpb_wrapper\">\n\t<div  class=\"wpb_single_image wpb_content_element vc_align_left  vc_custom_1652706250665\">\n\t\t\n\t\t<figure class=\"wpb_wrapper vc_figure\">\n\t\t\t<div class=\"vc_single_image-wrapper   vc_box_border_grey\"><img class=\"vc_single_image-img\" src=\"https:\/\/www.ebene-c.de\/wp-content\/uploads\/2022\/05\/Primavera_Referenz_ebene_c-500x302.png\" width=\"500\" height=\"302\" alt=\"Primavera_Referenz_ebene_c\" title=\"Primavera_Referenz_ebene_c\" \/><\/div>\n\t\t<\/figure>\n\t<\/div>\n<\/div><\/div><\/div><\/div><div class=\"vc_row wpb_row vc_row-fluid\"><div class=\"wpb_column vc_column_container vc_col-sm-6\"><div class=\"vc_column-inner\"><div class=\"wpb_wrapper\">\n\t<div class=\"wpb_text_column wpb_content_element\" >\n\t\t<div class=\"wpb_wrapper\">\n\t\t\t<div class=\"wpb_text_column wpb_content_element vc_custom_1538133902006\">\n<div class=\"wpb_wrapper\">\n<h4>Background<\/h4>\n<p>Primavera is the pioneer of armomatherapy and plant powers. As the market and quality leader, Primavera inspires its customers with the natural healing power of wonderfully scented plant oils. The company's extensive brand portfolio includes a total of 800 articles in the areas of fragrances, body care and facial products based on essential oils.<\/p>\n<p>Founded in 1986, the company enjoys a highly respected reputation for quality, which is reflected in its many awards: New Ethics Award, Entrepreneur of the Year for co-founder Ute Leube, Green Brands seal of approval and Primavera as Brand of the Century in 2015. The purpose-built company building is climate-neutral and attracts around 50,000 on-site visitors a year with its fragrant flower garden, Nature's Paradise.\n\nTranslated with www.DeepL.com\/Translator (free version)<\/p>\n<p>Primavera has been awarded the German Sustainability Award 2022 in the corporate category. With more than 1,000 applications, the competition, which was held for the 14th time, is one of the largest of its kind in Europe and underscores the importance of sustainable, fair actions and business practices at Primavera since the company was founded.<\/p>\n<p><a href=\"https:\/\/www.primaveralife.com\/\" target=\"_blank\" rel=\"noopener\">www.primaveralife.com<\/a><\/p>\n<h4>Task<\/h4>\n<p>Assit the company's management team in developing the overall corporate strategy and its orientation for R&amp;D, production, marketing, sales and sustainability for the next three years.<\/p>\n<h4>Solution<\/h4>\n<p>Series of workshops with the management and senior executives as well as continuous support on central brand and marketing issues. After a comprehensive analysis of the current situation, ebene c divided the development process into modules:<\/p>\n<ol>\n<li><span style=\"color: #000000;\">Further development of the Primavera brand positioning<\/span><\/li>\n<li><span style=\"color: #000000;\">Definition of the strategy pillars (such as marketing, R&amp;D, supply chain, etc.) including operational targets and corresponding KPIs.<\/span><\/li>\n<li><span style=\"color: #000000;\">Entwicklung von Strategien zur Kommunikation der zuk\u00fcnftigen Ausrichtung von PVL f\u00fcr alle Stakeholder.<\/span><\/li>\n<\/ol>\n<p>Result: Clearly organised procedure, comprehensible structure of the content with clear responsibilities.<\/p>\n<\/div>\n<\/div>\n\n\t\t<\/div>\n\t<\/div>\n<\/div><\/div><\/div><div class=\"wpb_column vc_column_container vc_col-sm-6\"><div class=\"vc_column-inner\"><div class=\"wpb_wrapper\">\n\t<div class=\"wpb_text_column wpb_content_element\" >\n\t\t<div class=\"wpb_wrapper\">\n\t\t\t<div>\n<div>\n<h4><strong>Client quote<\/strong><\/h4>\n<p><em>\"What I particularly appreciate about Stefan Bohrmann are three things: He understood me as a founder, entrepreneur and visionary. He always keeps an overview, even when things were complex and we had discussions that threw the schedule into disarray. And: his appreciative, respectful, humorous and playful manner, which helped to lead our team to the right results.\" <\/em><\/p>\n<p><strong>Kurt Ludwig N\u00fcbling<br \/>\n<\/strong>Founder &amp; Owner, Primavera Life<\/p>\n<p>&nbsp;<\/p>\n<p><em>\"Working with Stefan Bohrmann is an important contribution to us continuing to position ourselves as market leaders. His high quality standards, intelligent and creative way of accompanying us as a group is exactly what the PRIMAVERA brand needs now.\" <\/em><\/p>\n<p><strong>\u00a0<\/strong><strong>Martin Frevert<br \/>\n<\/strong>Managing Director, Primavera Life<\/p>\n<p>&nbsp;<\/p>\n<\/div>\n<\/div>\n\n\t\t<\/div>\n\t<\/div>\n\n\t<div  class=\"wpb_single_image wpb_content_element vc_align_left  vc_custom_1652706306959\">\n\t\t\n\t\t<figure class=\"wpb_wrapper vc_figure\">\n\t\t\t<div class=\"vc_single_image-wrapper   vc_box_border_grey\"><img class=\"vc_single_image-img\" src=\"https:\/\/www.ebene-c.de\/wp-content\/uploads\/2022\/05\/Facebook-Titelbild_Bilder_node25_Primavera-Garten-crop-1-500x340.jpg\" width=\"500\" height=\"340\" alt=\"Facebook Titelbild_Bilder_node25_Primavera - Garten crop 1\" title=\"Facebook Titelbild_Bilder_node25_Primavera - Garten crop 1\" \/><\/div>\n\t\t<\/figure>\n\t<\/div>\n<\/div><\/div><\/div><\/div><div class=\"vc_row wpb_row vc_row-fluid\"><div class=\"wpb_column vc_column_container vc_col-sm-12\"><div class=\"vc_column-inner\"><div class=\"wpb_wrapper\"><div class=\"vc_separator wpb_content_element vc_separator_align_center vc_sep_width_100 vc_sep_border_width_2 vc_sep_pos_align_center vc_separator_no_text vc_sep_color_black\" ><span class=\"vc_sep_holder vc_sep_holder_l\"><span  class=\"vc_sep_line\"><\/span><\/span><span class=\"vc_sep_holder vc_sep_holder_r\"><span  class=\"vc_sep_line\"><\/span><\/span>\n<\/div><\/div><\/div><\/div><\/div>","protected":false},"excerpt":{"rendered":"Primavera \/ Entwicklung Unternehmensstrategie _Markenpositionierung _Strategiedimensionen _Zuk\u00fcnftige Ausrichtung Hintergrund Primavera ist die Pionierin der Armomatherapie und Pflanzenkr\u00e4fte. Als Markt- und Qualit\u00e4tsf\u00fchrer begeistert Primavera seine Kund*innen<span class=\"excerpt-hellip\"> [\u2026]<\/span>","protected":false},"author":1,"featured_media":0,"parent":0,"menu_order":0,"comment_status":"closed","ping_status":"closed","template":"","meta":[],"_links":{"self":[{"href":"https:\/\/www.ebene-c.de\/en\/wp-json\/wp\/v2\/pages\/2257"}],"collection":[{"href":"https:\/\/www.ebene-c.de\/en\/wp-json\/wp\/v2\/pages"}],"about":[{"href":"https:\/\/www.ebene-c.de\/en\/wp-json\/wp\/v2\/types\/page"}],"author":[{"embeddable":true,"href":"https:\/\/www.ebene-c.de\/en\/wp-json\/wp\/v2\/users\/1"}],"replies":[{"embeddable":true,"href":"https:\/\/www.ebene-c.de\/en\/wp-json\/wp\/v2\/comments?post=2257"}],"version-history":[{"count":1,"href":"https:\/\/www.ebene-c.de\/en\/wp-json\/wp\/v2\/pages\/2257\/revisions"}],"predecessor-version":[{"id":2258,"href":"https:\/\/www.ebene-c.de\/en\/wp-json\/wp\/v2\/pages\/2257\/revisions\/2258"}],"wp:attachment":[{"href":"https:\/\/www.ebene-c.de\/en\/wp-json\/wp\/v2\/media?parent=2257"}],"curies":[{"name":"wp","href":"https:\/\/api.w.org\/{rel}","templated":true}]}}