{"id":3132,"date":"2024-03-17T14:59:53","date_gmt":"2024-03-17T13:59:53","guid":{"rendered":"https:\/\/www.ebene-c.de\/?page_id=3132"},"modified":"2024-08-09T16:39:39","modified_gmt":"2024-08-09T14:39:39","slug":"markilux","status":"publish","type":"page","link":"https:\/\/www.ebene-c.de\/en\/markilux\/","title":{"rendered":"Markilux"},"content":{"rendered":"<div class=\"vc_row wpb_row vc_row-fluid\"><div class=\"wpb_column vc_column_container vc_col-sm-6\"><div class=\"vc_column-inner\"><div class=\"wpb_wrapper\">\n\t<div class=\"wpb_text_column wpb_content_element\" >\n\t\t<div class=\"wpb_wrapper\">\n\t\t\t<h2><strong>markilux<br \/>\n<\/strong>\/<br \/>\n<strong>Workshop series Quality Sales <\/strong><\/h2>\n\n\t\t<\/div>\n\t<\/div>\n\n\t<div class=\"wpb_text_column wpb_content_element\" >\n\t\t<div class=\"wpb_wrapper\">\n\t\t\t<h4><strong>_Brand development<br \/>\n<\/strong><strong>_Sales training<br \/>\n<\/strong><strong>_Strategic alignment <\/strong><\/h4>\n\n\t\t<\/div>\n\t<\/div>\n<\/div><\/div><\/div><div class=\"wpb_column vc_column_container vc_col-sm-6\"><div class=\"vc_column-inner\"><div class=\"wpb_wrapper\">\n\t<div  class=\"wpb_single_image wpb_content_element vc_align_left  vc_custom_1710841515648\">\n\t\t\n\t\t<figure class=\"wpb_wrapper vc_figure\">\n\t\t\t<div class=\"vc_single_image-wrapper   vc_box_border_grey\"><img class=\"vc_single_image-img\" src=\"https:\/\/www.ebene-c.de\/wp-content\/uploads\/2024\/03\/markilux-gebaude-von-aussen-in-emsdetten-500x302.jpg\" width=\"500\" height=\"302\" alt=\"markilux-gebaude-von-aussen-in-emsdetten\" title=\"markilux-gebaude-von-aussen-in-emsdetten\" \/><\/div>\n\t\t<\/figure>\n\t<\/div>\n<\/div><\/div><\/div><\/div><div class=\"vc_row wpb_row vc_row-fluid\"><div class=\"wpb_column vc_column_container vc_col-sm-6\"><div class=\"vc_column-inner\"><div class=\"wpb_wrapper\">\n\t<div class=\"wpb_text_column wpb_content_element\" >\n\t\t<div class=\"wpb_wrapper\">\n\t\t\t<div class=\"wpb_text_column wpb_content_element vc_custom_1538133902006\">\n<div class=\"wpb_wrapper\">\n<h4>Background<\/h4>\n<p>For over 50 years, markilux has stood for the development and manufacture of high-quality sun shading solutions - Made in Germany. markilux awnings are characterised in particular by their quality, award-winning design and innovative technology. The brand's charisma can be experienced in the flagship stores in Berlin, Hamburg, Cologne, L\u00f6rrach and at the Emsdetten \/ M\u00fcnster location and is reflected in various brand awards, including The Major German Brands 2023, German Brand Award, German Innovation Award, the reddot Design Award and the iF Design Award 2024.<\/p>\n<p>markilux. The best under the sun. <a href=\"https:\/\/www.markilux.com\/\">www.markilux.com<\/a><\/p>\n<h4>Task<\/h4>\n<p>Building on a solid brand positioning and a broad-based marketing campaign with online, print and TV communication, the entire markilux sales team was to be trained in consistent brand alignment. A central element of this was the switch to a selective sales system, i.e. the establishment of quality sales focussing on selected specialist retail partners. To achieve this, legal, brand-specific and sales-related aspects had to be taught and trained in a step-by-step series of workshops. This required suitable and creative methods that would use moderation to bring together all points of view, address questions and perceived hurdles and challenges and make the content interactive and practical for the entire sales team. In order to meet the requirements of the market and markilux's understanding of quality, the future direction of marketing and sales was developed in parallel in the form of a workshop with the members of the management and the management team.<\/p>\n<h4>Solution<\/h4>\n<p>In cooperation with the sales consultancy \"Green Carpet\", a holistic development and training programme was defined in a multi-stage process in order to effectively prepare the sales team for a consistent brand orientation and at the same time reflect the strategic brand orientation of markilux. The central aim was to create a new awareness of the importance of the brand and a new, shared understanding of sales and marketing among all those involved. The various meetings combined legal, brand-specific and sales-related topics. Regular feedback loops within the workshop series and also afterwards in the internal sales follow-up process led to an improvement in quality sales and a strengthening of the brand positioning of markilux among the specialist retail partners.<\/p>\n<p><strong>\u00a0<\/strong><\/p>\n<\/div>\n<\/div>\n\n\t\t<\/div>\n\t<\/div>\n<\/div><\/div><\/div><div class=\"wpb_column vc_column_container vc_col-sm-6\"><div class=\"vc_column-inner\"><div class=\"wpb_wrapper\">\n\t<div class=\"wpb_text_column wpb_content_element\" >\n\t\t<div class=\"wpb_wrapper\">\n\t\t\t<div>\n<div>\n<h4><strong>Client quote<\/strong><\/h4>\n<p><em>\"Stefan Bohrmann has taken up the complexity of our workshop content well and made it tangible for all participants through a lively, methodically intelligent and varied presentation. This has laid the foundation for an even closer integration of sales and marketing, which is essential for us in the very dynamic market landscape. With his support, markilux is ideally positioned to successfully maintain its course even in turbulent times.\"<\/em><\/p>\n<p>Christiane Berning<br \/>\nHead \/ Manager - Marketing &amp; Business Development<\/p>\n<p>&nbsp;<\/p>\n<p><em>\u201eDie Umstellung auf ein selektives Vertriebssystem war ein hochstrategischer und wichtiger Schritt, um markilux in einem wettbewerbsintensiven Umfeld stark und konkurrenzf\u00e4hig zu halten. Dazu bedurfte es neben den rechtlichen und strukturellen Rahmenbedingungen auch des inhaltlichen und motivierenden \u201eMitnehmens\u201c der Vertriebsmannschaft via Austausch, Reflexion und pers\u00f6nlichem Involvement.<\/em><br \/>\n<em>Stefan Bohrmann hat dies fachlich und mit seiner ganz eigenen Handschrift hervorragend begleitet und damit einen wertvollen Baustein zum Ganzen beigetragen.\u201c<\/em><\/p>\n<p>Klaus Wuchner<br \/>\nCEO Sales &amp; Marketing<\/p>\n<p>&nbsp;<\/p>\n<\/div>\n<\/div>\n\n\t\t<\/div>\n\t<\/div>\n\n\t<div  class=\"wpb_single_image wpb_content_element vc_align_left  vc_custom_1710841566399\">\n\t\t\n\t\t<figure class=\"wpb_wrapper vc_figure\">\n\t\t\t<div class=\"vc_single_image-wrapper   vc_box_border_grey\"><img class=\"vc_single_image-img\" src=\"https:\/\/www.ebene-c.de\/wp-content\/uploads\/2024\/03\/mx-pergola-style-kubus-image-tag-202310-500x302.jpg\" width=\"500\" height=\"302\" alt=\"mx-pergola-style-kubus-image-tag-202310\" title=\"mx-pergola-style-kubus-image-tag-202310\" \/><\/div>\n\t\t<\/figure>\n\t<\/div>\n<\/div><\/div><\/div><\/div><div class=\"vc_row wpb_row vc_row-fluid\"><div class=\"wpb_column vc_column_container vc_col-sm-12\"><div class=\"vc_column-inner\"><div class=\"wpb_wrapper\"><div class=\"vc_separator wpb_content_element vc_separator_align_center vc_sep_width_100 vc_sep_border_width_2 vc_sep_pos_align_center vc_separator_no_text vc_sep_color_black\" ><span class=\"vc_sep_holder vc_sep_holder_l\"><span  class=\"vc_sep_line\"><\/span><\/span><span class=\"vc_sep_holder vc_sep_holder_r\"><span  class=\"vc_sep_line\"><\/span><\/span>\n<\/div><\/div><\/div><\/div><\/div>","protected":false},"excerpt":{"rendered":"markilux \/ Workshopreihe Qualit\u00e4tsvertrieb _Markenentwicklung _Vertriebstraining _Strategische Ausrichtung Hintergrund Seit \u00fcber 50 Jahren steht markilux f\u00fcr die Entwicklung und die Herstellung hochwertiger Sonnenschutz-L\u00f6sungen \u2013 Made<span class=\"excerpt-hellip\"> [\u2026]<\/span>","protected":false},"author":1,"featured_media":0,"parent":0,"menu_order":0,"comment_status":"closed","ping_status":"closed","template":"","meta":[],"_links":{"self":[{"href":"https:\/\/www.ebene-c.de\/en\/wp-json\/wp\/v2\/pages\/3132"}],"collection":[{"href":"https:\/\/www.ebene-c.de\/en\/wp-json\/wp\/v2\/pages"}],"about":[{"href":"https:\/\/www.ebene-c.de\/en\/wp-json\/wp\/v2\/types\/page"}],"author":[{"embeddable":true,"href":"https:\/\/www.ebene-c.de\/en\/wp-json\/wp\/v2\/users\/1"}],"replies":[{"embeddable":true,"href":"https:\/\/www.ebene-c.de\/en\/wp-json\/wp\/v2\/comments?post=3132"}],"version-history":[{"count":10,"href":"https:\/\/www.ebene-c.de\/en\/wp-json\/wp\/v2\/pages\/3132\/revisions"}],"predecessor-version":[{"id":3247,"href":"https:\/\/www.ebene-c.de\/en\/wp-json\/wp\/v2\/pages\/3132\/revisions\/3247"}],"wp:attachment":[{"href":"https:\/\/www.ebene-c.de\/en\/wp-json\/wp\/v2\/media?parent=3132"}],"curies":[{"name":"wp","href":"https:\/\/api.w.org\/{rel}","templated":true}]}}