{"id":3326,"date":"2024-12-16T13:03:03","date_gmt":"2024-12-16T12:03:03","guid":{"rendered":"https:\/\/www.ebene-c.de\/?page_id=3326"},"modified":"2025-03-25T09:27:52","modified_gmt":"2025-03-25T08:27:52","slug":"mediation","status":"publish","type":"page","link":"https:\/\/www.ebene-c.de\/en\/mediation\/","title":{"rendered":"Mediation"},"content":{"rendered":"<div class=\"vc_row wpb_row vc_row-fluid vc_custom_1657110973093 vc_row-has-fill\"><div class=\"wpb_column vc_column_container vc_col-sm-12\"><div class=\"vc_column-inner\"><div class=\"wpb_wrapper\"><div class=\"vc_row wpb_row vc_inner vc_row-fluid\"><div class=\"wpb_column vc_column_container vc_col-sm-8\"><div class=\"vc_column-inner\"><div class=\"wpb_wrapper\">\n\t<div class=\"wpb_text_column wpb_content_element  vc_custom_1734350960440\" >\n\t\t<div class=\"wpb_wrapper\">\n\t\t\t<h1><strong>Mediation.<br \/>\nThe structured way for your conflict.\u00a0 <\/strong><\/h1>\n\n\t\t<\/div>\n\t<\/div>\n<\/div><\/div><\/div><div class=\"wpb_column vc_column_container vc_col-sm-4\"><div class=\"vc_column-inner\"><div class=\"wpb_wrapper\"><\/div><\/div><\/div><\/div><div class=\"vc_row wpb_row vc_inner vc_row-fluid\"><div class=\"wpb_column vc_column_container vc_col-sm-4\"><div class=\"vc_column-inner\"><div class=\"wpb_wrapper\">\n\t<div  class=\"wpb_single_image wpb_content_element vc_align_left\">\n\t\t\n\t\t<figure class=\"wpb_wrapper vc_figure\">\n\t\t\t<div class=\"vc_single_image-wrapper   vc_box_border_grey\"><img class=\"vc_single_image-img\" src=\"https:\/\/www.ebene-c.de\/wp-content\/uploads\/2024\/12\/photo-1604881991405-b273c7a4386a-scaled-320x320.jpg\" width=\"320\" height=\"320\" alt=\"photo-1604881991405-b273c7a4386a\" title=\"photo-1604881991405-b273c7a4386a\" \/><\/div>\n\t\t<\/figure>\n\t<\/div>\n<\/div><\/div><\/div><div class=\"wpb_column vc_column_container vc_col-sm-8\"><div class=\"vc_column-inner\"><div class=\"wpb_wrapper\">\n\t<div class=\"wpb_text_column wpb_content_element  vc_custom_1738149018894\" >\n\t\t<div class=\"wpb_wrapper\">\n\t\t\t<h4><strong>Mediation - finding solutions together<\/strong><\/h4>\n<p>Mediation is a structured and voluntary process for conflict resolution. A neutral mediator supports the parties involved in finding a solution that is acceptable to all parties. Originally developed as an alternative to legal disputes, mediation is suitable for private, economic and professional conflicts as well as for disputes in families, neighbourhoods or organizations. The focus is not on the past and apportioning blame, but on constructive solutions for the future. Mediation creates space for respectful dialog, promotes mutual understanding and facilitates sustainable agreements.<\/p>\n\n\t\t<\/div>\n\t<\/div>\n<\/div><\/div><\/div><\/div><div class=\"vc_row wpb_row vc_inner vc_row-fluid\"><div class=\"wpb_column vc_column_container vc_col-sm-4\"><div class=\"vc_column-inner\"><div class=\"wpb_wrapper\">\n\t<div  class=\"wpb_single_image wpb_content_element vc_align_left\">\n\t\t\n\t\t<figure class=\"wpb_wrapper vc_figure\">\n\t\t\t<a class=\"\" data-lightbox=\"lightbox[rel-3326-3762211303]\" href=\"https:\/\/www.ebene-c.de\/wp-content\/uploads\/2025\/03\/5-phases-of-mediation.png\" target=\"_self\"><img width=\"3712\" height=\"2131\" src=\"https:\/\/www.ebene-c.de\/wp-content\/uploads\/2025\/03\/5-phases-of-mediation.png\" class=\"vc_single_image-img attachment-full\" alt=\"\" loading=\"lazy\" srcset=\"https:\/\/www.ebene-c.de\/wp-content\/uploads\/2025\/03\/5-phases-of-mediation.png 3712w, https:\/\/www.ebene-c.de\/wp-content\/uploads\/2025\/03\/5-phases-of-mediation-300x172.png 300w, https:\/\/www.ebene-c.de\/wp-content\/uploads\/2025\/03\/5-phases-of-mediation-1024x588.png 1024w, https:\/\/www.ebene-c.de\/wp-content\/uploads\/2025\/03\/5-phases-of-mediation-768x441.png 768w, https:\/\/www.ebene-c.de\/wp-content\/uploads\/2025\/03\/5-phases-of-mediation-1536x882.png 1536w, https:\/\/www.ebene-c.de\/wp-content\/uploads\/2025\/03\/5-phases-of-mediation-2048x1176.png 2048w, https:\/\/www.ebene-c.de\/wp-content\/uploads\/2025\/03\/5-phases-of-mediation-18x10.png 18w, https:\/\/www.ebene-c.de\/wp-content\/uploads\/2025\/03\/5-phases-of-mediation-254x146.png 254w, https:\/\/www.ebene-c.de\/wp-content\/uploads\/2025\/03\/5-phases-of-mediation-50x29.png 50w, https:\/\/www.ebene-c.de\/wp-content\/uploads\/2025\/03\/5-phases-of-mediation-131x75.png 131w\" sizes=\"(max-width: 3712px) 100vw, 3712px\" \/><\/a>\n\t\t<\/figure>\n\t<\/div>\n<\/div><\/div><\/div><div class=\"wpb_column vc_column_container vc_col-sm-8\"><div class=\"vc_column-inner\"><div class=\"wpb_wrapper\">\n\t<div class=\"wpb_text_column wpb_content_element  vc_custom_1742891269692\" >\n\t\t<div class=\"wpb_wrapper\">\n\t\t\t<h4><span style=\"color: #000000;\">The 5 phases of mediation<\/span><\/h4>\n<ol>\n<li><span style=\"color: #000000;\"><strong>Order clarification<\/strong> \u2013 The mediator explains the process, the rules and the aim of the mediation.<\/span><\/li>\n<li><span style=\"color: #000000;\"><strong>Collection of topics<\/strong> - All parties to the conflict name their concerns and issues.<\/span><\/li>\n<li><span style=\"color: #000000;\"><strong>Clarification of interests<\/strong> - Backgrounds, emotions and needs are worked out and mutual understanding is promoted.<\/span><\/li>\n<li><span style=\"color: #000000;\"><strong>Solution finding<\/strong> \u2013 Creative solution options are developed and evaluated.<\/span><\/li>\n<li><span style=\"color: #000000;\"><strong>Agreement<\/strong> \u2013 An agreed solution is recorded in writing<\/span><\/li>\n<\/ol>\n\n\t\t<\/div>\n\t<\/div>\n<\/div><\/div><\/div><\/div><div class=\"vc_row wpb_row vc_inner vc_row-fluid\"><div class=\"wpb_column vc_column_container vc_col-sm-12\"><div class=\"vc_column-inner\"><div class=\"wpb_wrapper\">\n\t<div class=\"wpb_text_column wpb_content_element  vc_custom_1738149288546\" >\n\t\t<div class=\"wpb_wrapper\">\n\t\t\t<h4><span style=\"color: #000000;\"><strong>Prinzipien der Mediation<\/strong><\/span><\/h4>\n<ol>\n<li><span style=\"color: #000000;\"><strong>Voluntariness<\/strong><\/span><br \/>\n<span style=\"color: #000000;\">All parties take part in mediation of their own free will and can end it at any time.<\/span><\/li>\n<li><span style=\"color: #000000;\"><strong>All-partiality<\/strong><\/span><br \/>\n<span style=\"color: #000000;\">The mediator is neutral and ensures that all perspectives are heard and considered equally.<\/span><\/li>\n<li><span style=\"color: #000000;\"><strong>Individual responsibility<\/strong><\/span><br \/>\n<span style=\"color: #000000;\">The parties themselves work out the solutions. The mediator supports the process but does not make any decisions.<\/span><\/li>\n<li><span style=\"color: #000000;\"><strong>Confidentiality<\/strong><\/span><br \/>\n<span style=\"color: #000000;\">Everything that is discussed during mediation remains confidential and is not made public.<\/span><\/li>\n<li><span style=\"color: #000000;\"><strong>Openness to results<\/strong><\/span><br \/>\n<span style=\"color: #000000;\">The aim of mediation is to find a solution that is acceptable to all parties. The outcome is not determined in advance.<\/span><\/li>\n<li><span style=\"color: #000000;\"><strong>Focus on the future<\/strong><\/span><br \/>\n<span style=\"color: #000000;\">The focus is on jointly developing viable and practicable solutions for the future.<\/span><\/li>\n<\/ol>\n\n\t\t<\/div>\n\t<\/div>\n\n\t<div class=\"wpb_text_column wpb_content_element\" >\n\t\t<div class=\"wpb_wrapper\">\n\t\t\t\n\t\t<\/div>\n\t<\/div>\n<\/div><\/div><\/div><\/div>\n\t<div class=\"wpb_text_column wpb_content_element  vc_custom_1738149694913\" >\n\t\t<div class=\"wpb_wrapper\">\n\t\t\t<p><span style=\"color: #000000;\">Want to find out more? <a style=\"color: #000000;\" href=\"https:\/\/www.ebene-c.de\/en\/arne_mack\/\">Feel free to contact us for a non-binding consultation.<\/a><\/span><\/p>\n\n\t\t<\/div>\n\t<\/div>\n<\/div><\/div><\/div><\/div><div class=\"vc_row wpb_row vc_row-fluid\"><div class=\"wpb_column vc_column_container vc_col-sm-12\"><div class=\"vc_column-inner\"><div class=\"wpb_wrapper\"><div class=\"vc_separator wpb_content_element vc_separator_align_center vc_sep_width_100 vc_sep_border_width_2 vc_sep_pos_align_center vc_separator_no_text vc_sep_color_black\" ><span class=\"vc_sep_holder vc_sep_holder_l\"><span  class=\"vc_sep_line\"><\/span><\/span><span class=\"vc_sep_holder vc_sep_holder_r\"><span  class=\"vc_sep_line\"><\/span><\/span>\n<\/div><\/div><\/div><\/div><\/div>","protected":false},"excerpt":{"rendered":"Mediation. Der strukturierte Weg f\u00fcr Ihren Konflikt.\u00a0 Mediation \u2013 Gemeinsam L\u00f6sungen finden Mediation ist ein strukturiertes und freiwilliges Verfahren zur Konfliktl\u00f6sung. Dabei unterst\u00fctzt eine neutrale<span class=\"excerpt-hellip\"> [\u2026]<\/span>","protected":false},"author":1,"featured_media":0,"parent":0,"menu_order":0,"comment_status":"closed","ping_status":"closed","template":"","meta":[],"_links":{"self":[{"href":"https:\/\/www.ebene-c.de\/en\/wp-json\/wp\/v2\/pages\/3326"}],"collection":[{"href":"https:\/\/www.ebene-c.de\/en\/wp-json\/wp\/v2\/pages"}],"about":[{"href":"https:\/\/www.ebene-c.de\/en\/wp-json\/wp\/v2\/types\/page"}],"author":[{"embeddable":true,"href":"https:\/\/www.ebene-c.de\/en\/wp-json\/wp\/v2\/users\/1"}],"replies":[{"embeddable":true,"href":"https:\/\/www.ebene-c.de\/en\/wp-json\/wp\/v2\/comments?post=3326"}],"version-history":[{"count":18,"href":"https:\/\/www.ebene-c.de\/en\/wp-json\/wp\/v2\/pages\/3326\/revisions"}],"predecessor-version":[{"id":3525,"href":"https:\/\/www.ebene-c.de\/en\/wp-json\/wp\/v2\/pages\/3326\/revisions\/3525"}],"wp:attachment":[{"href":"https:\/\/www.ebene-c.de\/en\/wp-json\/wp\/v2\/media?parent=3326"}],"curies":[{"name":"wp","href":"https:\/\/api.w.org\/{rel}","templated":true}]}}