{"id":3399,"date":"2025-01-29T12:42:20","date_gmt":"2025-01-29T11:42:20","guid":{"rendered":"https:\/\/www.ebene-c.de\/?page_id=3399"},"modified":"2025-03-24T20:33:46","modified_gmt":"2025-03-24T19:33:46","slug":"zukunftswerkstatt-3","status":"publish","type":"page","link":"https:\/\/www.ebene-c.de\/en\/zukunftswerkstatt-3\/","title":{"rendered":"Zukunftswerkstatt"},"content":{"rendered":"<div class=\"vc_row wpb_row vc_row-fluid vc_custom_1657110973093 vc_row-has-fill\"><div class=\"wpb_column vc_column_container vc_col-sm-12\"><div class=\"vc_column-inner\"><div class=\"wpb_wrapper\"><div class=\"vc_row wpb_row vc_inner vc_row-fluid\"><div class=\"wpb_column vc_column_container vc_col-sm-8\"><div class=\"vc_column-inner\"><div class=\"wpb_wrapper\">\n\t<div class=\"wpb_text_column wpb_content_element  vc_custom_1742815634498\" >\n\t\t<div class=\"wpb_wrapper\">\n\t\t\t<h1><strong>Cooperation Next Generation.<br \/>\nThe future workshop for companies.<\/strong><\/h1>\n\n\t\t<\/div>\n\t<\/div>\n<\/div><\/div><\/div><div class=\"wpb_column vc_column_container vc_col-sm-4\"><div class=\"vc_column-inner\"><div class=\"wpb_wrapper\"><\/div><\/div><\/div><\/div><div class=\"vc_row wpb_row vc_inner vc_row-fluid\"><div class=\"wpb_column vc_column_container vc_col-sm-4\"><div class=\"vc_column-inner\"><div class=\"wpb_wrapper\">\n\t<div  class=\"wpb_single_image wpb_content_element vc_align_left\">\n\t\t\n\t\t<figure class=\"wpb_wrapper vc_figure\">\n\t\t\t<div class=\"vc_single_image-wrapper   vc_box_border_grey\"><img class=\"vc_single_image-img\" src=\"https:\/\/www.ebene-c.de\/wp-content\/uploads\/2025\/01\/IMG_2313-scaled-320x320.jpg\" width=\"320\" height=\"320\" alt=\"IMG_2313\" title=\"IMG_2313\" \/><\/div>\n\t\t<\/figure>\n\t<\/div>\n<\/div><\/div><\/div><div class=\"wpb_column vc_column_container vc_col-sm-8\"><div class=\"vc_column-inner\"><div class=\"wpb_wrapper\">\n\t<div class=\"wpb_text_column wpb_content_element  vc_custom_1742844095334\" >\n\t\t<div class=\"wpb_wrapper\">\n\t\t\t<h4><span style=\"color: #000000;\"><strong>Young ideas. Clear answers. New perspectives.<\/strong><\/span><\/h4>\n<p><span style=\"color: #000000;\">At a time when markets are changing rapidly and innovation is the key to success, it is no longer enough to stick with tried-and-tested strategies. What is needed are real impulses that drive your company forward - directly from the mindset and perspective of the younger generation. This is exactly where our future workshop comes in.<\/span><\/p>\n<p><span style=\"color: #000000;\"><strong>Why the Future Workshop will move your company forward:<\/strong><\/span><\/p>\n<ul>\n<li><span style=\"color: #000000;\"><strong>Direct dialog with the next generation:<\/strong>\u00a0Immerse yourself in the mindset of up-and-coming talent, young employees and committed volunteers. Find out what drives them and what values, communication and performance they expect from modern companies in the form of products or services.<\/span><\/li>\n<li><span style=\"color: #000000;\"><strong>Innovative thinking spaces:<\/strong>\u00a0We create interactive workshops that are not only thought-provoking, but also question and break down existing structures, thereby generating practical solutions.<\/span><\/li>\n<li><span style=\"color: #000000;\"><strong>Fresh insights for sustainable decisions:<\/strong>\u00a0The results of our future workshop provide you with concrete findings that you can incorporate directly into your strategy and concrete implementation.<\/span><\/li>\n<\/ul>\n\n\t\t<\/div>\n\t<\/div>\n<\/div><\/div><\/div><\/div><div class=\"vc_row wpb_row vc_inner vc_row-fluid\"><div class=\"wpb_column vc_column_container vc_col-sm-4\"><div class=\"vc_column-inner\"><div class=\"wpb_wrapper\">\n\t<div  class=\"wpb_single_image wpb_content_element vc_align_left\">\n\t\t\n\t\t<figure class=\"wpb_wrapper vc_figure\">\n\t\t\t<div class=\"vc_single_image-wrapper   vc_box_border_grey\"><img class=\"vc_single_image-img\" src=\"https:\/\/www.ebene-c.de\/wp-content\/uploads\/2024\/12\/premium_photo-1728244328486-b528578d6072-scaled-320x320.jpg\" width=\"320\" height=\"320\" alt=\"premium_photo-1728244328486-b528578d6072\" title=\"premium_photo-1728244328486-b528578d6072\" \/><\/div>\n\t\t<\/figure>\n\t<\/div>\n<\/div><\/div><\/div><div class=\"wpb_column vc_column_container vc_col-sm-8\"><div class=\"vc_column-inner\"><div class=\"wpb_wrapper\">\n\t<div class=\"wpb_text_column wpb_content_element  vc_custom_1742734501776\" >\n\t\t<div class=\"wpb_wrapper\">\n\t\t\t<h4><strong>This is how it works:<\/strong><\/h4>\n<ol>\n<li><span style=\"color: #000000;\"><strong>Joint start:<\/strong>\u00a0In a kick-off meeting, we work with you to develop the most important questions and define the target groups that we want to integrate into the workshop.<\/span><\/li>\n<li><span style=\"color: #000000;\"><strong>Access to young talents:<\/strong>\u00a0Durch unsere Zusammenarbeit mit dem Masterstudiengang Creative Industries der Popakademie Baden-W\u00fcrttemberg und der RWU Ravensburg Weingarten haben wir direkten Kontakt zu motivierten Studierenden und Nachwuchskr\u00e4ften.<\/span><\/li>\n<li><span style=\"color: #000000;\"><strong>One or two days full of dynamics:<\/strong>\u00a0Interactive sessions generate new ideas, clear recommendations for action and an understanding of the values and expectations of the younger generation. The atmosphere: creative, motivating and characterized by a real spirit of optimism.<\/span><\/li>\n<\/ol>\n\n\t\t<\/div>\n\t<\/div>\n<\/div><\/div><\/div><\/div><div class=\"vc_row wpb_row vc_inner vc_row-fluid\"><div class=\"wpb_column vc_column_container vc_col-sm-4\"><div class=\"vc_column-inner\"><div class=\"wpb_wrapper\">\n\t<div  class=\"wpb_single_image wpb_content_element vc_align_left\">\n\t\t\n\t\t<figure class=\"wpb_wrapper vc_figure\">\n\t\t\t<div class=\"vc_single_image-wrapper   vc_box_border_grey\"><img class=\"vc_single_image-img\" src=\"https:\/\/www.ebene-c.de\/wp-content\/uploads\/2025\/03\/IMG_5073-scaled-320x320.jpeg\" width=\"320\" height=\"320\" alt=\"IMG_5073\" title=\"IMG_5073\" \/><\/div>\n\t\t<\/figure>\n\t<\/div>\n<\/div><\/div><\/div><div class=\"wpb_column vc_column_container vc_col-sm-8\"><div class=\"vc_column-inner\"><div class=\"wpb_wrapper\">\n\t<div class=\"wpb_text_column wpb_content_element  vc_custom_1739367177703\" >\n\t\t<div class=\"wpb_wrapper\">\n\t\t\t<h4><span style=\"color: #000000;\"><strong>Discover new perspectives: The advantages at a glance.<\/strong><\/span><\/h4>\n<p><span style=\"color: #000000;\">Be inspired by the fresh thinking, creative approaches and visions of the younger generation - and find solutions that go beyond the box.<\/span><\/p>\n<p><span style=\"color: #000000;\"><strong>Unleashing innovative power<\/strong><\/span><br \/>\n<span style=\"color: #000000;\">Take advantage of the energy and diversity of ideas of young and budding marking professionals to create real innovative impulses and bring a breath of fresh air into your strategic processes.<\/span><\/p>\n<p><span style=\"color: #000000;\"><strong>Taking your employer branding to the next level<\/strong><\/span><br \/>\n<span style=\"color: #000000;\">Inspire young talent by actively involving them in decision-making processes - and present yourself as a modern, attractive employer brand.<\/span><\/p>\n<p><span style=\"color: #000000;\"><strong>Relevant insights that really count<\/strong><\/span><br \/>\n<span style=\"color: #000000;\">Understand exactly what moves young target groups, what values and expectations they have - and how you can address them successfully.<\/span><\/p>\n<p><span style=\"color: #000000;\"><strong>Connecting generations - dialog that opens doors<\/strong><\/span><br \/>\n<span style=\"color: #000000;\">Promote an open exchange between the generations and strengthen a corporate culture that is characterized by understanding and future-oriented action and, above all, enables the development of concrete offers. Communicatively or in the form of products or services.<\/span><\/p>\n\n\t\t<\/div>\n\t<\/div>\n<\/div><\/div><\/div><\/div><\/div><\/div><\/div><\/div><div class=\"vc_row wpb_row vc_row-fluid\"><div class=\"wpb_column vc_column_container vc_col-sm-12\"><div class=\"vc_column-inner\"><div class=\"wpb_wrapper\"><div class=\"vc_separator wpb_content_element vc_separator_align_center vc_sep_width_100 vc_sep_border_width_2 vc_sep_pos_align_center vc_separator_no_text vc_sep_color_black\" ><span class=\"vc_sep_holder vc_sep_holder_l\"><span  class=\"vc_sep_line\"><\/span><\/span><span class=\"vc_sep_holder vc_sep_holder_r\"><span  class=\"vc_sep_line\"><\/span><\/span>\n<\/div><\/div><\/div><\/div><\/div>","protected":false},"excerpt":{"rendered":"Cooperation Next Generation. Die Zukunfts\u00adwerkstatt f\u00fcr Unternehmen. Junge Ideen. Klare Antworten. Neue Perspektiven. In einer Zeit, in der sich M\u00e4rkte rasant ver\u00e4ndern und Innovation der<span class=\"excerpt-hellip\"> [\u2026]<\/span>","protected":false},"author":1,"featured_media":0,"parent":0,"menu_order":0,"comment_status":"closed","ping_status":"closed","template":"","meta":[],"_links":{"self":[{"href":"https:\/\/www.ebene-c.de\/en\/wp-json\/wp\/v2\/pages\/3399"}],"collection":[{"href":"https:\/\/www.ebene-c.de\/en\/wp-json\/wp\/v2\/pages"}],"about":[{"href":"https:\/\/www.ebene-c.de\/en\/wp-json\/wp\/v2\/types\/page"}],"author":[{"embeddable":true,"href":"https:\/\/www.ebene-c.de\/en\/wp-json\/wp\/v2\/users\/1"}],"replies":[{"embeddable":true,"href":"https:\/\/www.ebene-c.de\/en\/wp-json\/wp\/v2\/comments?post=3399"}],"version-history":[{"count":14,"href":"https:\/\/www.ebene-c.de\/en\/wp-json\/wp\/v2\/pages\/3399\/revisions"}],"predecessor-version":[{"id":3524,"href":"https:\/\/www.ebene-c.de\/en\/wp-json\/wp\/v2\/pages\/3399\/revisions\/3524"}],"wp:attachment":[{"href":"https:\/\/www.ebene-c.de\/en\/wp-json\/wp\/v2\/media?parent=3399"}],"curies":[{"name":"wp","href":"https:\/\/api.w.org\/{rel}","templated":true}]}}