{"id":3643,"date":"2026-03-16T08:23:17","date_gmt":"2026-03-16T07:23:17","guid":{"rendered":"https:\/\/www.ebene-c.de\/?page_id=3643"},"modified":"2026-03-16T10:10:29","modified_gmt":"2026-03-16T09:10:29","slug":"dafuer","status":"publish","type":"page","link":"https:\/\/www.ebene-c.de\/en\/dafuer\/","title":{"rendered":"daf\u00fcr"},"content":{"rendered":"<div class=\"vc_row wpb_row vc_row-fluid\"><div class=\"wpb_column vc_column_container vc_col-sm-6\"><div class=\"vc_column-inner\"><div class=\"wpb_wrapper\">\n\t<div class=\"wpb_text_column wpb_content_element\" >\n\t\t<div class=\"wpb_wrapper\">\n\t\t\t<h2>daf\u00fcr<br \/>\n\/<br \/>\nSupport transformation<\/h2>\n\n\t\t<\/div>\n\t<\/div>\n\n\t<div class=\"wpb_text_column wpb_content_element\" >\n\t\t<div class=\"wpb_wrapper\">\n\t\t\t<h4>_Executive Coaching<br \/>\n_Teamsupervision<br \/>\n_Design and facilitation of departmental workshops<\/h4>\n\n\t\t<\/div>\n\t<\/div>\n<\/div><\/div><\/div><div class=\"wpb_column vc_column_container vc_col-sm-6\"><div class=\"vc_column-inner\"><div class=\"wpb_wrapper\">\n\t<div  class=\"wpb_single_image wpb_content_element vc_align_left  vc_custom_1773645695845\">\n\t\t\n\t\t<figure class=\"wpb_wrapper vc_figure\">\n\t\t\t<div class=\"vc_single_image-wrapper   vc_box_border_grey\"><img class=\"vc_single_image-img\" src=\"https:\/\/www.ebene-c.de\/wp-content\/uploads\/2026\/03\/IMG_3905-scaled-520x302.jpg\" width=\"520\" height=\"302\" alt=\"IMG_3905\" title=\"IMG_3905\" \/><\/div>\n\t\t<\/figure>\n\t<\/div>\n<\/div><\/div><\/div><\/div><div class=\"vc_row wpb_row vc_row-fluid\"><div class=\"wpb_column vc_column_container vc_col-sm-6\"><div class=\"vc_column-inner\"><div class=\"wpb_wrapper\">\n\t<div class=\"wpb_text_column wpb_content_element\" >\n\t\t<div class=\"wpb_wrapper\">\n\t\t\t<div class=\"wpb_text_column wpb_content_element vc_custom_1538133902006\">\n<div class=\"wpb_wrapper\">\n<h4>Background<\/h4>\n<p>daf\u00fcr supports people with disabilities in Vorarlberg (Austria) on their journey toward an independent professional life\u2014from the end of compulsory schooling through retirement. The organization offers professional counseling and individualized support for young people, adults, and employers. Services include youth coaching, work assistance, and job coaching. The goal is to open up career opportunities, integrate people into the labor market in a sustainable way, and support businesses in inclusive employment.<\/p>\n<p><a href=\"http:\/\/www.dafuer.at\">www.daf\u00fcr.at<\/a><\/p>\n<\/div>\n<\/div>\n\n\t\t<\/div>\n\t<\/div>\n\n\t<div  class=\"wpb_single_image wpb_content_element vc_align_left  vc_custom_1773645671904\">\n\t\t\n\t\t<figure class=\"wpb_wrapper vc_figure\">\n\t\t\t<div class=\"vc_single_image-wrapper   vc_box_border_grey\"><img class=\"vc_single_image-img\" src=\"https:\/\/www.ebene-c.de\/wp-content\/uploads\/2026\/03\/IMG_4233-2-scaled-500x302.jpg\" width=\"500\" height=\"302\" alt=\"IMG_4233 2\" title=\"IMG_4233 2\" \/><\/div>\n\t\t<\/figure>\n\t<\/div>\n\n\t<div class=\"wpb_text_column wpb_content_element\" >\n\t\t<div class=\"wpb_wrapper\">\n\t\t\t<h4>Task<\/h4>\n<p>New executive leadership, new department heads, cost-cutting measures\u2014the company is currently in a critical phase of its more than 15-year history. The task at hand is to seize these changes as an opportunity and guide the organization\u2019s continued development with an outside perspective.<\/p>\n\n\t\t<\/div>\n\t<\/div>\n<\/div><\/div><\/div><div class=\"wpb_column vc_column_container vc_col-sm-6\"><div class=\"vc_column-inner\"><div class=\"wpb_wrapper\">\n\t<div class=\"wpb_text_column wpb_content_element\" >\n\t\t<div class=\"wpb_wrapper\">\n\t\t\t<h4>Solution<\/h4>\n<p>The support is provided at various levels of the organization and is aimed at both senior management and the teams. In addition to regular strategic discussions with senior management, during which strategic issues are examined and refined, the collaboration also includes facilitating supervision sessions with the entire team. Furthermore, the scope of services includes the design, structuring, and facilitation of participatory departmental meetings. The goal is to create space for exchange, shared reflection, and the further development of collaboration within the organization\u2014while simultaneously fostering team cohesion and strengthening the team\u2019s shared identity.<\/p>\n\n\t\t<\/div>\n\t<\/div>\n\n\t<div class=\"wpb_text_column wpb_content_element\" >\n\t\t<div class=\"wpb_wrapper\">\n\t\t\t<div>\n<div>\n<h4><strong>Quote<\/strong><\/h4>\n<p><em>\u201cThe external coaching has been very beneficial for me and our team: clear structure, valuable insights, and space for genuine dialogue. It has noticeably strengthened our collaboration.\u201d<\/em><\/p>\n<p>Dipl. Soz. Arb. Sebastian R\u00f6sch, Managing Director<\/p>\n<\/div>\n<\/div>\n\n\t\t<\/div>\n\t<\/div>\n<\/div><\/div><\/div><\/div><div class=\"vc_row wpb_row vc_row-fluid\"><div class=\"wpb_column vc_column_container vc_col-sm-12\"><div class=\"vc_column-inner\"><div class=\"wpb_wrapper\"><div class=\"vc_separator wpb_content_element vc_separator_align_center vc_sep_width_100 vc_sep_border_width_2 vc_sep_pos_align_center vc_separator_no_text vc_sep_color_black\" ><span class=\"vc_sep_holder vc_sep_holder_l\"><span  class=\"vc_sep_line\"><\/span><\/span><span class=\"vc_sep_holder vc_sep_holder_r\"><span  class=\"vc_sep_line\"><\/span><\/span>\n<\/div><\/div><\/div><\/div><\/div>","protected":false},"excerpt":{"rendered":"daf\u00fcr \/ Begleitung Weiterentwicklung _Sparring Gesch\u00e4ftsleitung _Teamsupervision _Konzeption und Moderation von Abteilungsworkshops Hintergrund daf\u00fcr begleitet Menschen mit Beeintr\u00e4chtigung in Vorarlberg (\u00d6sterreich) auf ihrem Weg in<span class=\"excerpt-hellip\"> [\u2026]<\/span>","protected":false},"author":1,"featured_media":0,"parent":0,"menu_order":0,"comment_status":"closed","ping_status":"closed","template":"","meta":[],"_links":{"self":[{"href":"https:\/\/www.ebene-c.de\/en\/wp-json\/wp\/v2\/pages\/3643"}],"collection":[{"href":"https:\/\/www.ebene-c.de\/en\/wp-json\/wp\/v2\/pages"}],"about":[{"href":"https:\/\/www.ebene-c.de\/en\/wp-json\/wp\/v2\/types\/page"}],"author":[{"embeddable":true,"href":"https:\/\/www.ebene-c.de\/en\/wp-json\/wp\/v2\/users\/1"}],"replies":[{"embeddable":true,"href":"https:\/\/www.ebene-c.de\/en\/wp-json\/wp\/v2\/comments?post=3643"}],"version-history":[{"count":5,"href":"https:\/\/www.ebene-c.de\/en\/wp-json\/wp\/v2\/pages\/3643\/revisions"}],"predecessor-version":[{"id":3651,"href":"https:\/\/www.ebene-c.de\/en\/wp-json\/wp\/v2\/pages\/3643\/revisions\/3651"}],"wp:attachment":[{"href":"https:\/\/www.ebene-c.de\/en\/wp-json\/wp\/v2\/media?parent=3643"}],"curies":[{"name":"wp","href":"https:\/\/api.w.org\/{rel}","templated":true}]}}