{"id":518,"date":"2019-12-07T14:02:13","date_gmt":"2019-12-07T13:02:13","guid":{"rendered":"https:\/\/dev.ebene-c.de\/?page_id=518"},"modified":"2023-02-27T07:32:05","modified_gmt":"2023-02-27T06:32:05","slug":"resa-hausner","status":"publish","type":"page","link":"https:\/\/www.ebene-c.de\/en\/resa-hausner\/","title":{"rendered":"Resa Hausner"},"content":{"rendered":"<div class=\"vc_row wpb_row vc_row-fluid vc_custom_1575456178112 vc_row-has-fill\"><div class=\"wpb_column vc_column_container vc_col-sm-6\"><div class=\"vc_column-inner\"><div class=\"wpb_wrapper\">\n\t<div  class=\"wpb_single_image wpb_content_element vc_align_left  vc_custom_1677479520107\">\n\t\t\n\t\t<figure class=\"wpb_wrapper vc_figure\">\n\t\t\t<div class=\"vc_single_image-wrapper   vc_box_border_grey\"><img class=\"vc_single_image-img\" src=\"https:\/\/www.ebene-c.de\/wp-content\/uploads\/2023\/01\/ebene-c_resa_hausner_1-1-500x500.png\" width=\"500\" height=\"500\" alt=\"ebene-c_resa_hausner_1\" title=\"ebene-c_resa_hausner_1\" \/><\/div>\n\t\t<\/figure>\n\t<\/div>\n\n\t<div class=\"wpb_text_column wpb_content_element  vc_custom_1575988188593\" >\n\t\t<div class=\"wpb_wrapper\">\n\t\t\t<p class=\"vc_custom_heading vc_custom_1531494471472\"><strong>Stefanie Resa Hausner<\/strong><br \/>\n+49 (0)157 52861350<br \/>\nresa.hausner(at)ebene-c.de<\/p>\n\n\t\t<\/div>\n\t<\/div>\n<\/div><\/div><\/div><div class=\"wpb_column vc_column_container vc_col-sm-6\"><div class=\"vc_column-inner\"><div class=\"wpb_wrapper\"><\/div><\/div><\/div><\/div><div class=\"vc_row wpb_row vc_row-fluid\"><div class=\"wpb_column vc_column_container vc_col-sm-6\"><div class=\"vc_column-inner vc_custom_1575210924871\"><div class=\"wpb_wrapper\">\n\t<div class=\"wpb_text_column wpb_content_element  vc_custom_1580114707146\" >\n\t\t<div class=\"wpb_wrapper\">\n\t\t\t<h3><span style=\"color: #000000;\">Customers say about Stefanie Resa Hausner<\/span><\/h3>\n<p><span style=\"color: #000000;\">\"Resa Hausner creates an open discussion atmosphere at eye level, which enables a real exchange between the participants. I have benefited greatly from the new impulses in the field of conflict management!\"<\/span><\/p>\n<p><span style=\"color: #000000;\">Structured and clarifying coaching. Ms. Hausner listens attentively, making me rethink my old patterns and thus enabled me to see things from a new perspective.\"<\/span><\/p>\n<p><span style=\"color: #000000;\">\"Individual, very well prepared training. Ms Hausner's view of problems is creative and solution-oriented. This has given me the courage to tackle difficulties and solve them step by step\"<\/span><\/p>\n<p>&nbsp;<\/p>\n<h3><span style=\"color: #000000;\">Teaching and knowledge transfer<\/span><\/h3>\n<div class=\"wpb_text_column wpb_content_element vc_custom_1531494760028\">\n<div class=\"wpb_wrapper\">\n<p><span style=\"color: #000000;\">_Lecturer for strategic communication and conflict management at the DHBW<\/span><br \/>\n<span style=\"color: #000000;\">_Lecturer for rhetoric at fortbildung1.de<\/span><br \/>\n<span style=\"color: #000000;\">_Communication and rhetoric training<\/span><\/p>\n<\/div>\n<\/div>\n\n\t\t<\/div>\n\t<\/div>\n\n\t<div class=\"wpb_text_column wpb_content_element\" >\n\t\t<div class=\"wpb_wrapper\">\n\t\t\t<h3>Background<\/h3>\n<p>After studying General Rhetoric M.A. in T\u00fcbingen, she held his first teaching posts at the Leibniz Kolleg T\u00fcbingen and the Duale Hochschule Stuttgart. Lecturing activities are extended by several years of training experience in the fields of strategic communication, rhetoric and conflict management. At the same time, she completed a two-year further training course as a systemic consultant. The systemic method is applied both in team development and individual coaching. As a consultant and trainer she has worked for the Auto Bebion Group, the Diakonisches Werk W\u00fcrttemberg and the University of T\u00fcbingen, among others.<\/p>\n\n\t\t<\/div>\n\t<\/div>\n<\/div><\/div><\/div><\/div><div class=\"vc_row wpb_row vc_row-fluid\"><div class=\"wpb_column vc_column_container vc_col-sm-12\"><div class=\"vc_column-inner\"><div class=\"wpb_wrapper\"><div class=\"vc_separator wpb_content_element vc_separator_align_center vc_sep_width_100 vc_sep_border_width_2 vc_sep_pos_align_center vc_separator_no_text vc_sep_color_black\" ><span class=\"vc_sep_holder vc_sep_holder_l\"><span  class=\"vc_sep_line\"><\/span><\/span><span class=\"vc_sep_holder vc_sep_holder_r\"><span  class=\"vc_sep_line\"><\/span><\/span>\n<\/div><\/div><\/div><\/div><\/div>","protected":false},"excerpt":{"rendered":"Stefanie Resa Hausner +49 (0)157 52861350 resa.hausner(at)ebene-c.de Kunden sagen \u00fcber Stefanie Resa Hausner \u201eResa Hausner schafft eine offene Gespr\u00e4chsatmosph\u00e4re auf Augenh\u00f6he, die einen echten Austausch<span class=\"excerpt-hellip\"> [\u2026]<\/span>","protected":false},"author":1,"featured_media":0,"parent":0,"menu_order":0,"comment_status":"closed","ping_status":"closed","template":"","meta":[],"_links":{"self":[{"href":"https:\/\/www.ebene-c.de\/en\/wp-json\/wp\/v2\/pages\/518"}],"collection":[{"href":"https:\/\/www.ebene-c.de\/en\/wp-json\/wp\/v2\/pages"}],"about":[{"href":"https:\/\/www.ebene-c.de\/en\/wp-json\/wp\/v2\/types\/page"}],"author":[{"embeddable":true,"href":"https:\/\/www.ebene-c.de\/en\/wp-json\/wp\/v2\/users\/1"}],"replies":[{"embeddable":true,"href":"https:\/\/www.ebene-c.de\/en\/wp-json\/wp\/v2\/comments?post=518"}],"version-history":[{"count":14,"href":"https:\/\/www.ebene-c.de\/en\/wp-json\/wp\/v2\/pages\/518\/revisions"}],"predecessor-version":[{"id":753,"href":"https:\/\/www.ebene-c.de\/en\/wp-json\/wp\/v2\/pages\/518\/revisions\/753"}],"wp:attachment":[{"href":"https:\/\/www.ebene-c.de\/en\/wp-json\/wp\/v2\/media?parent=518"}],"curies":[{"name":"wp","href":"https:\/\/api.w.org\/{rel}","templated":true}]}}