{"id":549,"date":"2019-12-07T16:55:48","date_gmt":"2019-12-07T15:55:48","guid":{"rendered":"https:\/\/dev.ebene-c.de\/?page_id=549"},"modified":"2020-10-12T15:57:20","modified_gmt":"2020-10-12T13:57:20","slug":"garmin","status":"publish","type":"page","link":"https:\/\/www.ebene-c.de\/en\/garmin\/","title":{"rendered":"Garmin"},"content":{"rendered":"<div class=\"vc_row wpb_row vc_row-fluid\"><div class=\"wpb_column vc_column_container vc_col-sm-6\"><div class=\"vc_column-inner\"><div class=\"wpb_wrapper\">\n\t<div class=\"wpb_text_column wpb_content_element\" >\n\t\t<div class=\"wpb_wrapper\">\n\t\t\t<h2>Garmin<br \/>\n\/<br \/>\nModeration marketing conference<\/h2>\n\n\t\t<\/div>\n\t<\/div>\n\n\t<div class=\"wpb_text_column wpb_content_element\" >\n\t\t<div class=\"wpb_wrapper\">\n\t\t\t<h4 class=\" translation-block\">_Development of marketing activities<br>\n_Concrete planning of measures<br>\n_Team processes<br><\/h4>\n\n\t\t<\/div>\n\t<\/div>\n<\/div><\/div><\/div><div class=\"wpb_column vc_column_container vc_col-sm-6\"><div class=\"vc_column-inner\"><div class=\"wpb_wrapper\">\n\t<div  class=\"wpb_single_image wpb_content_element vc_align_left  vc_custom_1579706431405\">\n\t\t\n\t\t<figure class=\"wpb_wrapper vc_figure\">\n\t\t\t<div class=\"vc_single_image-wrapper   vc_box_border_grey\"><img class=\"vc_single_image-img\" src=\"https:\/\/www.ebene-c.de\/wp-content\/uploads\/2019\/12\/Garmin_Schweinsteiger_Kampagnenmotiv-2-scaled-300x400.jpg\" width=\"300\" height=\"400\" alt=\"Garmin_Schweinsteiger_Kampagnenmotiv (2)\" title=\"Garmin_Schweinsteiger_Kampagnenmotiv (2)\" \/><\/div>\n\t\t<\/figure>\n\t<\/div>\n<\/div><\/div><\/div><\/div><div class=\"vc_row wpb_row vc_row-fluid\"><div class=\"wpb_column vc_column_container vc_col-sm-6\"><div class=\"vc_column-inner\"><div class=\"wpb_wrapper\">\n\t<div class=\"wpb_text_column wpb_content_element\" >\n\t\t<div class=\"wpb_wrapper\">\n\t\t\t<h4>Background<\/h4>\n<p>GARMIN has been developing innovative products for pilots, sailors, drivers, golfers, runners, cyclists, mountaineers, swimmers and many other active people for 30 years. It is very important to Garmin to support its customers according to the motto #BeatYesterday to live healthier, move more, feel better or simply discover new things.<\/p>\n<p><a href=\"https:\/\/www.garmin.com\" target=\"_blank\" rel=\"noopener noreferrer\">www.garmin.com<\/a><\/p>\n<h4>Task<\/h4>\n<p>Rapid technical developments and rapidly changing market trends make optimal interaction within the marketing management team of GARMIN essential. In a two-day meeting the most important path for the brand and the team should be defined and first measures for implementation should be approved<\/p>\n<h4>Solution<\/h4>\n<p>After a thorough clarification of the assignment, ebene c divided the strategy development process into 3 phases. 1) Reflection of opportunities and challenges in individual interviews from the perspective of the management team 2) Development of a brand scenario including new approaches for teamwork and 3) Transfer of concepts into a concrete marketing plan including measures, responsibilities and time schedule. First results are shown in the testimonial partnership with Bastian Schweinsteiger, a GARMIN outlet in the center of Munich and a premium magazine for end customers.<\/p>\n\n\t\t<\/div>\n\t<\/div>\n<\/div><\/div><\/div><div class=\"wpb_column vc_column_container vc_col-sm-6\"><div class=\"vc_column-inner\"><div class=\"wpb_wrapper\">\n\t<div class=\"wpb_text_column wpb_content_element\" >\n\t\t<div class=\"wpb_wrapper\">\n\t\t\t<div>\n<div>\n<h4><strong>Client quote<\/strong><\/h4>\n<p><em>\"Stefan Bohrmann convinces with an excellent mixture of flexibility, feeling for people and interaction in the team, paired with professional know-how. The strategy meeting was an important step forward. GARMIN's direction is now much clearer than before. Gladly again!\"<\/em><\/p>\n<p>Simone Weber, Manager Marketing DACH<\/p>\n<\/div>\n<\/div>\n\n\t\t<\/div>\n\t<\/div>\n\n\t<div  class=\"wpb_single_image wpb_content_element vc_align_left  vc_custom_1579706485578\">\n\t\t\n\t\t<figure class=\"wpb_wrapper vc_figure\">\n\t\t\t<div class=\"vc_single_image-wrapper   vc_box_border_grey\"><img class=\"vc_single_image-img\" src=\"https:\/\/www.ebene-c.de\/wp-content\/uploads\/2019\/12\/Garmin_vivoactive3_Lifestyle-\u00a9Garmin-Deutschland-GmbH-2-300x300.jpg\" width=\"300\" height=\"300\" alt=\"Garmin_vivoactive3_Lifestyle \u00a9Garmin Deutschland GmbH (2)\" title=\"Garmin_vivoactive3_Lifestyle \u00a9Garmin Deutschland GmbH (2)\" \/><\/div>\n\t\t<\/figure>\n\t<\/div>\n<\/div><\/div><\/div><\/div><div class=\"vc_row wpb_row vc_row-fluid\"><div class=\"wpb_column vc_column_container vc_col-sm-12\"><div class=\"vc_column-inner\"><div class=\"wpb_wrapper\"><div class=\"vc_separator wpb_content_element vc_separator_align_center vc_sep_width_100 vc_sep_border_width_2 vc_sep_pos_align_center vc_separator_no_text vc_sep_color_black\" ><span class=\"vc_sep_holder vc_sep_holder_l\"><span  class=\"vc_sep_line\"><\/span><\/span><span class=\"vc_sep_holder vc_sep_holder_r\"><span  class=\"vc_sep_line\"><\/span><\/span>\n<\/div><\/div><\/div><\/div><\/div>","protected":false},"excerpt":{"rendered":"Garmin \/ Moderation Marketing-Tagung _Erarbeitung Marketingaktivit\u00e4ten _Konkrete Ma\u00dfnahmenplanung _Teamvorgehen Hintergrund GARMIN entwickelt seit 30 Jahren innovative Produkte f\u00fcr Piloten, Segler, Autofahrer, Golfspieler, L\u00e4ufer, Fahrradfahrer, Bergsteiger,<span class=\"excerpt-hellip\"> [\u2026]<\/span>","protected":false},"author":1,"featured_media":0,"parent":0,"menu_order":0,"comment_status":"closed","ping_status":"closed","template":"","meta":[],"_links":{"self":[{"href":"https:\/\/www.ebene-c.de\/en\/wp-json\/wp\/v2\/pages\/549"}],"collection":[{"href":"https:\/\/www.ebene-c.de\/en\/wp-json\/wp\/v2\/pages"}],"about":[{"href":"https:\/\/www.ebene-c.de\/en\/wp-json\/wp\/v2\/types\/page"}],"author":[{"embeddable":true,"href":"https:\/\/www.ebene-c.de\/en\/wp-json\/wp\/v2\/users\/1"}],"replies":[{"embeddable":true,"href":"https:\/\/www.ebene-c.de\/en\/wp-json\/wp\/v2\/comments?post=549"}],"version-history":[{"count":16,"href":"https:\/\/www.ebene-c.de\/en\/wp-json\/wp\/v2\/pages\/549\/revisions"}],"predecessor-version":[{"id":1724,"href":"https:\/\/www.ebene-c.de\/en\/wp-json\/wp\/v2\/pages\/549\/revisions\/1724"}],"wp:attachment":[{"href":"https:\/\/www.ebene-c.de\/en\/wp-json\/wp\/v2\/media?parent=549"}],"curies":[{"name":"wp","href":"https:\/\/api.w.org\/{rel}","templated":true}]}}