{"id":559,"date":"2019-12-07T17:13:30","date_gmt":"2019-12-07T16:13:30","guid":{"rendered":"https:\/\/dev.ebene-c.de\/?page_id=559"},"modified":"2020-06-29T11:16:32","modified_gmt":"2020-06-29T09:16:32","slug":"ksk_heilbronn","status":"publish","type":"page","link":"https:\/\/www.ebene-c.de\/en\/ksk_heilbronn\/","title":{"rendered":"KSK_Heilbronn"},"content":{"rendered":"<div class=\"vc_row wpb_row vc_row-fluid\"><div class=\"wpb_column vc_column_container vc_col-sm-6\"><div class=\"vc_column-inner\"><div class=\"wpb_wrapper\">\n\t<div class=\"wpb_text_column wpb_content_element\" >\n\t\t<div class=\"wpb_wrapper\">\n\t\t\t<h2>Kreissparkasse Heilbronn<br \/>\n\/<br \/>\nAccompaniment into a digital future<strong><br \/>\n<\/strong><\/h2>\n\n\t\t<\/div>\n\t<\/div>\n<\/div><\/div><\/div><div class=\"wpb_column vc_column_container vc_col-sm-6\"><div class=\"vc_column-inner\"><div class=\"wpb_wrapper\">\n\t<div  class=\"wpb_single_image wpb_content_element vc_align_left  vc_custom_1579708356318\">\n\t\t\n\t\t<figure class=\"wpb_wrapper vc_figure\">\n\t\t\t<div class=\"vc_single_image-wrapper   vc_box_border_grey\"><img class=\"vc_single_image-img\" src=\"https:\/\/www.ebene-c.de\/wp-content\/uploads\/2019\/12\/IMG_0464-e1542032464604-768x704-340x302.jpg\" width=\"340\" height=\"302\" alt=\"IMG_0464-e1542032464604-768x704\" title=\"IMG_0464-e1542032464604-768x704\" \/><\/div>\n\t\t<\/figure>\n\t<\/div>\n<\/div><\/div><\/div><\/div><div class=\"vc_row wpb_row vc_row-fluid\"><div class=\"wpb_column vc_column_container vc_col-sm-6\"><div class=\"vc_column-inner\"><div class=\"wpb_wrapper\">\n\t<div class=\"wpb_text_column wpb_content_element\" >\n\t\t<div class=\"wpb_wrapper\">\n\t\t\t<h4>_Workshop series for managers<br \/>\n_Development of common perspectives<br \/>\n_Launch of an extensive HR project<\/h4>\n\n\t\t<\/div>\n\t<\/div>\n\n\t<div class=\"wpb_text_column wpb_content_element\" >\n\t\t<div class=\"wpb_wrapper\">\n\t\t\t<h4>Background<\/h4>\n<p>The Kreissparkasse Heilbronn maintains over 100 branches or self-service locations and employs over 1,500 people. Thus, Kreissparkasse Heilbronn is an important shaper \/ has a profound influence within the deutschen Sparkassenverbands.<\/p>\n<p><a href=\"https:\/\/www.sparkasse-heilbronn.de\/de\/home.html\">www.sparkasse-heilbronn.de<\/a><\/p>\n<h4>Task<\/h4>\n<p>To increase acceptance of the topic of digitisation and thus also to motivate employees to actively participate in this change.<\/p>\n<h4>Solution<\/h4>\n<p>Digitalisation means extreme changes for companies and employees. This can cause insecurity or fear - often leading to resistance. In order to take employees into the process of change in an appreciative and responsible manner from the very beginning, ebene c developed and moderated a series of workshops for employees and managers from all sales departments and divisions. By bringing together different perspectives, new ideas and opportunities are created that can be used for internal and external development. The learnings are being directly incorporated into a comprehensive HR project.<\/p>\n\n\t\t<\/div>\n\t<\/div>\n<\/div><\/div><\/div><div class=\"wpb_column vc_column_container vc_col-sm-6\"><div class=\"vc_column-inner\"><div class=\"wpb_wrapper\">\n\t<div class=\"wpb_text_column wpb_content_element\" >\n\t\t<div class=\"wpb_wrapper\">\n\t\t\t<div>\n<div>\n<h4><strong>Client quote<\/strong><\/h4>\n<p><em>Through methodically unusual approaches, ebene c enabled a goal-oriented deepening and consistent further development of the topic of digitization. The participants experienced the topic tangibly, closely and as an opportunity for their own co-design.\"<\/em><\/p>\n<p>Hermann Josef Schmitz, Human Resources and Organizational Development<\/p>\n<\/div>\n<\/div>\n\n\t\t<\/div>\n\t<\/div>\n\n\t<div  class=\"wpb_single_image wpb_content_element vc_align_left  vc_custom_1579708367593\">\n\t\t\n\t\t<figure class=\"wpb_wrapper vc_figure\">\n\t\t\t<div class=\"vc_single_image-wrapper   vc_box_border_grey\"><img class=\"vc_single_image-img\" src=\"https:\/\/www.ebene-c.de\/wp-content\/uploads\/2019\/11\/SparkasseKoelnBonn_Schriftzug_Rotunde-scaled-340x302.jpg\" width=\"340\" height=\"302\" alt=\"SparkasseKoelnBonn_Schriftzug_Rotunde\" title=\"SparkasseKoelnBonn_Schriftzug_Rotunde\" \/><\/div>\n\t\t<\/figure>\n\t<\/div>\n<\/div><\/div><\/div><\/div><div class=\"vc_row wpb_row vc_row-fluid\"><div class=\"wpb_column vc_column_container vc_col-sm-12\"><div class=\"vc_column-inner\"><div class=\"wpb_wrapper\"><div class=\"vc_separator wpb_content_element vc_separator_align_center vc_sep_width_100 vc_sep_border_width_2 vc_sep_pos_align_center vc_separator_no_text vc_sep_color_black\" ><span class=\"vc_sep_holder vc_sep_holder_l\"><span  class=\"vc_sep_line\"><\/span><\/span><span class=\"vc_sep_holder vc_sep_holder_r\"><span  class=\"vc_sep_line\"><\/span><\/span>\n<\/div><\/div><\/div><\/div><\/div>","protected":false},"excerpt":{"rendered":"Kreissparkasse Heilbronn \/ Begleitung in die digitale Zukunft _Workshopreihe f\u00fcr F\u00fchrungskr\u00e4fte _Entwicklung gemeinsamer Perspektiven _Start umfangreiches HR-Projekt Hintergrund Die Kreissparkasse Heilbronn unterh\u00e4lt \u00fcber 100 Filialen<span class=\"excerpt-hellip\"> [\u2026]<\/span>","protected":false},"author":1,"featured_media":0,"parent":0,"menu_order":0,"comment_status":"closed","ping_status":"closed","template":"","meta":[],"_links":{"self":[{"href":"https:\/\/www.ebene-c.de\/en\/wp-json\/wp\/v2\/pages\/559"}],"collection":[{"href":"https:\/\/www.ebene-c.de\/en\/wp-json\/wp\/v2\/pages"}],"about":[{"href":"https:\/\/www.ebene-c.de\/en\/wp-json\/wp\/v2\/types\/page"}],"author":[{"embeddable":true,"href":"https:\/\/www.ebene-c.de\/en\/wp-json\/wp\/v2\/users\/1"}],"replies":[{"embeddable":true,"href":"https:\/\/www.ebene-c.de\/en\/wp-json\/wp\/v2\/comments?post=559"}],"version-history":[{"count":13,"href":"https:\/\/www.ebene-c.de\/en\/wp-json\/wp\/v2\/pages\/559\/revisions"}],"predecessor-version":[{"id":1515,"href":"https:\/\/www.ebene-c.de\/en\/wp-json\/wp\/v2\/pages\/559\/revisions\/1515"}],"wp:attachment":[{"href":"https:\/\/www.ebene-c.de\/en\/wp-json\/wp\/v2\/media?parent=559"}],"curies":[{"name":"wp","href":"https:\/\/api.w.org\/{rel}","templated":true}]}}