{"id":563,"date":"2019-12-07T17:19:59","date_gmt":"2019-12-07T16:19:59","guid":{"rendered":"https:\/\/dev.ebene-c.de\/?page_id=563"},"modified":"2020-07-22T10:09:13","modified_gmt":"2020-07-22T08:09:13","slug":"film_und_medienfestival","status":"publish","type":"page","link":"https:\/\/www.ebene-c.de\/en\/film_und_medienfestival\/","title":{"rendered":"Film_und_Medienfestival"},"content":{"rendered":"<div class=\"vc_row wpb_row vc_row-fluid\"><div class=\"wpb_column vc_column_container vc_col-sm-6\"><div class=\"vc_column-inner\"><div class=\"wpb_wrapper\">\n\t<div class=\"wpb_text_column wpb_content_element\" >\n\t\t<div class=\"wpb_wrapper\">\n\t\t\t<h2>Film- und Medienfestival<br \/>\n\/<br \/>\nStrengthening the identity<\/h2>\n\n\t\t<\/div>\n\t<\/div>\n\n\t<div class=\"wpb_text_column wpb_content_element\" >\n\t\t<div class=\"wpb_wrapper\">\n\t\t\t<h4>_Annual Strategy Day<br \/>\nDevelopment of a common vision<br \/>\n_Positioning Workshop<\/h4>\n\n\t\t<\/div>\n\t<\/div>\n<\/div><\/div><\/div><div class=\"wpb_column vc_column_container vc_col-sm-6\"><div class=\"vc_column-inner\"><div class=\"wpb_wrapper\">\n\t<div  class=\"wpb_single_image wpb_content_element vc_align_left  vc_custom_1579707614201\">\n\t\t\n\t\t<figure class=\"wpb_wrapper vc_figure\">\n\t\t\t<div class=\"vc_single_image-wrapper   vc_box_border_grey\"><img class=\"vc_single_image-img\" src=\"https:\/\/www.ebene-c.de\/wp-content\/uploads\/2019\/12\/RP03134_2-1024x682-340x302.jpg\" width=\"340\" height=\"302\" alt=\"RP03134_2-1024x682\" title=\"RP03134_2-1024x682\" \/><\/div>\n\t\t<\/figure>\n\t<\/div>\n<\/div><\/div><\/div><\/div><div class=\"vc_row wpb_row vc_row-fluid\"><div class=\"wpb_column vc_column_container vc_col-sm-6\"><div class=\"vc_column-inner\"><div class=\"wpb_wrapper\">\n\t<div class=\"wpb_text_column wpb_content_element\" >\n\t\t<div class=\"wpb_wrapper\">\n\t\t\t<div>\n<div>\n<div>\n<h4>Background<\/h4>\n<p>The \"Internationales Trickfilm-Festival Stuttgart\" (ITFS), Animation Production Days (APDs) oder \"Raumwelten\" - platform for scenography, architecture and media are successful events that strengthen the Stuttgart media region. The sender of these and other creative formats is the Film- und Medienfestival gGmbH (FMF), founded in 2000, with around 20 employees  the areas of programme, organisation, fundraising\/sponsoring, press and public relations and administration\/administration.<\/p>\n<p><a href=\"https:\/\/www.festival-gmbh.de\" target=\"_blank\" rel=\"noopener noreferrer\">www.festival-gmbh.de<\/a><\/p>\n<h4>Task<\/h4>\n<\/div>\n<\/div>\n<\/div>\n<div>\n<div>\n<p>Following major changes in personnel - including in the management - the FMF intends to shape strategically important issues together with the workforce and strengthen its identity.<\/p>\n<p>&nbsp;<\/p>\n<h4>Solution<\/h4>\n<p>A simple formula: Time spent together + important content + constructive friction. In short: A studio day for all employees to work creatively and inspiringly on and with their own identity. Through a variety of changes of perspective, you get to know each other better, mix in small groups and work on a common vision of the future. Work packages with responsibilities in everyday life are put together as sustainable solutions. One of these leads to the subsequent positioning workshop for the management circle, in order to clarify the understanding of roles between the company and the event formats. The basis has been created and further development steps will follow.<\/p>\n<\/div>\n<\/div>\n\n\t\t<\/div>\n\t<\/div>\n<\/div><\/div><\/div><div class=\"wpb_column vc_column_container vc_col-sm-6\"><div class=\"vc_column-inner\"><div class=\"wpb_wrapper\">\n\t<div class=\"wpb_text_column wpb_content_element\" >\n\t\t<div class=\"wpb_wrapper\">\n\t\t\t<div>\n<div>\n<h4><strong>Client quote<\/strong><\/h4>\n<p><em>\"Ralph made it easy for us. Disarming questions that we hadn't asked ourselves before, effective methods and, time and again, the advice not to lose focus. What more could you ask of a consultant. Thank you!\"<\/em><\/p>\n<p>Prof. Ulrich Wegenast, Artistic Director<\/p>\n<p><em>\"A change process of this kind, which should also lead to more participation, which in the end can only be achieved with more transparency, does not work without external support. Ralph gave us this support. With a very quick insight into the culture of our internal cooperation, he immediately asked the right, targeted questions. With a good feeling for time efficiency and always empathetic perception to keep everyone involved in the design and communication process, he was exactly the right partner for us and our requirements\".<\/em><\/p>\n<p>Dieter Krau\u00df, Commercial Director<\/p>\n<\/div>\n<\/div>\n\n\t\t<\/div>\n\t<\/div>\n\n\t<div  class=\"wpb_single_image wpb_content_element vc_align_left  vc_custom_1579707582857\">\n\t\t\n\t\t<figure class=\"wpb_wrapper vc_figure\">\n\t\t\t<div class=\"vc_single_image-wrapper   vc_box_border_grey\"><img class=\"vc_single_image-img\" src=\"https:\/\/www.ebene-c.de\/wp-content\/uploads\/2019\/12\/RP02958-1024x682-340x302.jpg\" width=\"340\" height=\"302\" alt=\"RP02958-1024x682\" title=\"RP02958-1024x682\" \/><\/div>\n\t\t<\/figure>\n\t<\/div>\n<\/div><\/div><\/div><\/div><div class=\"vc_row wpb_row vc_row-fluid\"><div class=\"wpb_column vc_column_container vc_col-sm-12\"><div class=\"vc_column-inner\"><div class=\"wpb_wrapper\"><div class=\"vc_separator wpb_content_element vc_separator_align_center vc_sep_width_100 vc_sep_border_width_2 vc_sep_pos_align_center vc_separator_no_text vc_sep_color_black\" ><span class=\"vc_sep_holder vc_sep_holder_l\"><span  class=\"vc_sep_line\"><\/span><\/span><span class=\"vc_sep_holder vc_sep_holder_r\"><span  class=\"vc_sep_line\"><\/span><\/span>\n<\/div><\/div><\/div><\/div><\/div>","protected":false},"excerpt":{"rendered":"Film- und Medienfestival \/ St\u00e4rkung Identit\u00e4t _J\u00e4hrlicher Strategietag _Entwicklung gemeinsames Zielbild _Positionierungsworkshop Hintergrund Internationales Trickfilm-Festival Stuttgart (ITFS), Animation Production Days (APDs) oder Raumwelten \u2013 Plattform<span class=\"excerpt-hellip\"> [\u2026]<\/span>","protected":false},"author":1,"featured_media":0,"parent":0,"menu_order":0,"comment_status":"closed","ping_status":"closed","template":"","meta":[],"_links":{"self":[{"href":"https:\/\/www.ebene-c.de\/en\/wp-json\/wp\/v2\/pages\/563"}],"collection":[{"href":"https:\/\/www.ebene-c.de\/en\/wp-json\/wp\/v2\/pages"}],"about":[{"href":"https:\/\/www.ebene-c.de\/en\/wp-json\/wp\/v2\/types\/page"}],"author":[{"embeddable":true,"href":"https:\/\/www.ebene-c.de\/en\/wp-json\/wp\/v2\/users\/1"}],"replies":[{"embeddable":true,"href":"https:\/\/www.ebene-c.de\/en\/wp-json\/wp\/v2\/comments?post=563"}],"version-history":[{"count":15,"href":"https:\/\/www.ebene-c.de\/en\/wp-json\/wp\/v2\/pages\/563\/revisions"}],"predecessor-version":[{"id":1658,"href":"https:\/\/www.ebene-c.de\/en\/wp-json\/wp\/v2\/pages\/563\/revisions\/1658"}],"wp:attachment":[{"href":"https:\/\/www.ebene-c.de\/en\/wp-json\/wp\/v2\/media?parent=563"}],"curies":[{"name":"wp","href":"https:\/\/api.w.org\/{rel}","templated":true}]}}