{"id":590,"date":"2019-12-07T19:22:19","date_gmt":"2019-12-07T18:22:19","guid":{"rendered":"https:\/\/dev.ebene-c.de\/?page_id=590"},"modified":"2021-06-11T16:16:48","modified_gmt":"2021-06-11T14:16:48","slug":"a-vogel","status":"publish","type":"page","link":"https:\/\/www.ebene-c.de\/en\/a-vogel\/","title":{"rendered":"A.Vogel"},"content":{"rendered":"<div class=\"vc_row wpb_row vc_row-fluid\"><div class=\"wpb_column vc_column_container vc_col-sm-6\"><div class=\"vc_column-inner\"><div class=\"wpb_wrapper\">\n\t<div class=\"wpb_text_column wpb_content_element\" >\n\t\t<div class=\"wpb_wrapper\">\n\t\t\t<h2>A.Vogel<br \/>\n\/<br \/>\nAgile innovation process<\/h2>\n\n\t\t<\/div>\n\t<\/div>\n\n\t<div class=\"wpb_text_column wpb_content_element\" >\n\t\t<div class=\"wpb_wrapper\">\n\t\t\t<h4 class=\" translation-block\">_International Innovation Workshops<br>\n_Creative Collaboration Techniques<br>\n_Hybrid Elaboration and Further Development<\/h4>\n\n\t\t<\/div>\n\t<\/div>\n<\/div><\/div><\/div><div class=\"wpb_column vc_column_container vc_col-sm-6\"><div class=\"vc_column-inner\"><div class=\"wpb_wrapper\">\n\t<div  class=\"wpb_single_image wpb_content_element vc_align_left  vc_custom_1612877835668\">\n\t\t\n\t\t<figure class=\"wpb_wrapper vc_figure\">\n\t\t\t<div class=\"vc_single_image-wrapper   vc_box_border_grey\"><img class=\"vc_single_image-img\" src=\"https:\/\/www.ebene-c.de\/wp-content\/uploads\/2021\/02\/IMG_3285-scaled-500x302.jpg\" width=\"500\" height=\"302\" alt=\"IMG_3285\" title=\"IMG_3285\" \/><\/div>\n\t\t<\/figure>\n\t<\/div>\n<\/div><\/div><\/div><\/div><div class=\"vc_row wpb_row vc_row-fluid\"><div class=\"wpb_column vc_column_container vc_col-sm-6\"><div class=\"vc_column-inner\"><div class=\"wpb_wrapper\">\n\t<div class=\"wpb_text_column wpb_content_element\" >\n\t\t<div class=\"wpb_wrapper\">\n\t\t\t<div class=\"wpb_text_column wpb_content_element vc_custom_1538133902006\">\n<div class=\"wpb_wrapper\">\n<h4>Background<\/h4>\n<p>A. Vogel is now the largest manufacturer of phytotherapeutics and healthy nutrition products on the Swiss market. A.Vogel products are available in over 25 countries. The founder Alfred Vogel was a well-known Swiss naturopathy pioneer. Throughout his life, he championed the use of natural and herbal medicine. His work has contributed significantly to the recognition of the special role of herbal medicines in the modern world. For example, the immune-strengthening effect of Echinaforce gained new prominence in pandemic times.<\/p>\n<p><a href=\"https:\/\/www.avogel.ch\">www.avogel.ch<\/a><\/p>\n<p>&nbsp;<\/p>\n<h4><\/h4>\n<h4>Task<\/h4>\n<p>Conceptual and moderating support in the definition of a new product range strategy and in the development of product innovations in a creative, collaborative process.<\/p>\n<h4>Solution<\/h4>\n<p>An agile approach with 7 modules for the international team with different collaborative elements: Creative workshops, strategy recommendation, rapid prototyping and market research.<\/p>\n<p>_Modul 1 \/ <strong>Market Research<\/strong>: In-house market research on competitive products and potentials in all relevant markets.<\/p>\n<p>_Modul 2 \/ <strong>Creativity Rules<\/strong>: In a specifically moderated creative process, R&amp;D employees from 7 different national companies develop product ideas for selected target groups or defined symptoms in one day.<\/p>\n<p>_Modul 3 \/ <strong>Concept Phase<\/strong>: ebene c entwickelt aus den Ideen Produkt-Konzepte und deren Visualisierung durch eine Graphic Recorderin.<\/p>\n<p>_Modul 4 \/ <strong>Make it Better<\/strong>:  In a one-day workshop with the managing directors of all internationally relevant markets, ideas are turned into marketable product concepts with the highest possible synergies for worldwide distribution.<\/p>\n<p>_Modul 5 \/ <strong>Rapid Prototyping<\/strong>: Based on the strategy recommendation, the R&amp;D department develops first product concepts.<\/p>\n<p><strong>\u00a0<\/strong>_Modul 6 \/ <strong>Market Research<\/strong> : Marketing, R&amp;D and ebene c jointly develop concepts that are tested in the context of international market research.<\/p>\n<p>_Modul 7 <strong>\/ Optimisation of the concepts<\/strong>through marketing, R&amp;D and ebene c. Details of the further steps cannot be published here for reasons of confidentiality.<\/p>\n<\/div>\n<\/div>\n\n\t\t<\/div>\n\t<\/div>\n<\/div><\/div><\/div><div class=\"wpb_column vc_column_container vc_col-sm-6\"><div class=\"vc_column-inner\"><div class=\"wpb_wrapper\">\n\t<div class=\"wpb_text_column wpb_content_element\" >\n\t\t<div class=\"wpb_wrapper\">\n\t\t\t<div>\n<div>\n<h4><strong>Client quote<\/strong><\/h4>\n<p><em>\"With the agile product development process, we are taking a new, contemporary approach: international cooperation between R&amp;D, marketing and management at eye level. ebene c has accompanied us in this process from the very beginning. <\/em><em>With the overall concept and their facilitation, Stefan Bohrmann and Arne Mack manage to awaken potentials in us that we did not know ourselves. They create a creative, appreciative atmosphere with unusual methods as a recipe for success, in which excellent work results emerge that don't feel like work at all.\"<\/em><\/p>\n<p>Dr. Andy Suter, CEO<br \/>\nA.Vogel Bioforce AG<\/p>\n<\/div>\n<\/div>\n\n\t\t<\/div>\n\t<\/div>\n\n\t<div  class=\"wpb_single_image wpb_content_element vc_align_left  vc_custom_1612857685937\">\n\t\t\n\t\t<figure class=\"wpb_wrapper vc_figure\">\n\t\t\t<div class=\"vc_single_image-wrapper   vc_box_border_grey\"><img class=\"vc_single_image-img\" src=\"https:\/\/www.ebene-c.de\/wp-content\/uploads\/2021\/02\/IMG_3280-scaled-340x302.jpg\" width=\"340\" height=\"302\" alt=\"IMG_3280\" title=\"IMG_3280\" \/><\/div>\n\t\t<\/figure>\n\t<\/div>\n<\/div><\/div><\/div><\/div><div class=\"vc_row wpb_row vc_row-fluid\"><div class=\"wpb_column vc_column_container vc_col-sm-12\"><div class=\"vc_column-inner\"><div class=\"wpb_wrapper\"><div class=\"vc_separator wpb_content_element vc_separator_align_center vc_sep_width_100 vc_sep_border_width_2 vc_sep_pos_align_center vc_separator_no_text vc_sep_color_black\" ><span class=\"vc_sep_holder vc_sep_holder_l\"><span  class=\"vc_sep_line\"><\/span><\/span><span class=\"vc_sep_holder vc_sep_holder_r\"><span  class=\"vc_sep_line\"><\/span><\/span>\n<\/div><\/div><\/div><\/div><\/div>","protected":false},"excerpt":{"rendered":"A.Vogel \/ Agiler Innovationsprozess _Internationale Innovationsworkshops _Creative Collaboration Techniken _Hybride Weiterentwicklung Hintergrund A. Vogel ist heute der gr\u00f6\u00dfte Hersteller von Phytotherapeutika und gesunden Ern\u00e4hrungsprodukten auf<span class=\"excerpt-hellip\"> [\u2026]<\/span>","protected":false},"author":1,"featured_media":0,"parent":0,"menu_order":0,"comment_status":"closed","ping_status":"closed","template":"","meta":[],"_links":{"self":[{"href":"https:\/\/www.ebene-c.de\/en\/wp-json\/wp\/v2\/pages\/590"}],"collection":[{"href":"https:\/\/www.ebene-c.de\/en\/wp-json\/wp\/v2\/pages"}],"about":[{"href":"https:\/\/www.ebene-c.de\/en\/wp-json\/wp\/v2\/types\/page"}],"author":[{"embeddable":true,"href":"https:\/\/www.ebene-c.de\/en\/wp-json\/wp\/v2\/users\/1"}],"replies":[{"embeddable":true,"href":"https:\/\/www.ebene-c.de\/en\/wp-json\/wp\/v2\/comments?post=590"}],"version-history":[{"count":25,"href":"https:\/\/www.ebene-c.de\/en\/wp-json\/wp\/v2\/pages\/590\/revisions"}],"predecessor-version":[{"id":2168,"href":"https:\/\/www.ebene-c.de\/en\/wp-json\/wp\/v2\/pages\/590\/revisions\/2168"}],"wp:attachment":[{"href":"https:\/\/www.ebene-c.de\/en\/wp-json\/wp\/v2\/media?parent=590"}],"curies":[{"name":"wp","href":"https:\/\/api.w.org\/{rel}","templated":true}]}}