{"id":637,"date":"2019-12-07T20:23:10","date_gmt":"2019-12-07T19:23:10","guid":{"rendered":"https:\/\/dev.ebene-c.de\/?page_id=637"},"modified":"2020-06-29T11:22:08","modified_gmt":"2020-06-29T09:22:08","slug":"diakonisches-werk","status":"publish","type":"page","link":"https:\/\/www.ebene-c.de\/en\/diakonisches-werk\/","title":{"rendered":"Diakonisches Werk"},"content":{"rendered":"<div class=\"vc_row wpb_row vc_row-fluid\"><div class=\"wpb_column vc_column_container vc_col-sm-6\"><div class=\"vc_column-inner\"><div class=\"wpb_wrapper\">\n\t<div class=\"wpb_text_column wpb_content_element\" >\n\t\t<div class=\"wpb_wrapper\">\n\t\t\t<h2>Diakonisches Werk W\u00fcrttemberg<br \/>\n<strong>\/<br \/>\n<\/strong>Design and moderation of marketing symposium<\/h2>\n\n\t\t<\/div>\n\t<\/div>\n\n\t<div class=\"wpb_text_column wpb_content_element\" >\n\t\t<div class=\"wpb_wrapper\">\n\t\t\t<h4>_Design symposium<br \/>\n_Interactive workshop modules<br \/>\n_Creativity techniques<\/h4>\n\n\t\t<\/div>\n\t<\/div>\n<\/div><\/div><\/div><div class=\"wpb_column vc_column_container vc_col-sm-6\"><div class=\"vc_column-inner\"><div class=\"wpb_wrapper\">\n\t<div  class=\"wpb_single_image wpb_content_element vc_align_left  vc_custom_1579708060820\">\n\t\t\n\t\t<figure class=\"wpb_wrapper vc_figure\">\n\t\t\t<div class=\"vc_single_image-wrapper   vc_box_border_grey\"><img class=\"vc_single_image-img\" src=\"https:\/\/www.ebene-c.de\/wp-content\/uploads\/2019\/12\/Diakonisches_Werk-340x302.png\" width=\"340\" height=\"302\" alt=\"Diakonisches_Werk\" title=\"Diakonisches_Werk\" \/><\/div>\n\t\t<\/figure>\n\t<\/div>\n<\/div><\/div><\/div><\/div><div class=\"vc_row wpb_row vc_row-fluid\"><div class=\"wpb_column vc_column_container vc_col-sm-6\"><div class=\"vc_column-inner\"><div class=\"wpb_wrapper\">\n\t<div class=\"wpb_text_column wpb_content_element\" >\n\t\t<div class=\"wpb_wrapper\">\n\t\t\t<div class=\"wpb_text_column wpb_content_element vc_custom_1538133902006\">\n<div class=\"wpb_wrapper\">\n<h4>Background<\/h4>\n<p>The Diakonisches Werk W\u00fcrttemberg is the umbrella organisation for over 2,000 institutions and services. In total, the Diakonie in W\u00fcrttemberg looks after about 270,000 people with 40,000 full-time employees and more than 35,000 volunteers.<\/p>\n<p><a href=\"https:\/\/www.diakonie-wuerttemberg.de\/\">www.diakonie-wuerttemberg.de<\/a><\/p>\n<h4>Task<\/h4>\n<p>Development of workshop modules that inspire during the event, enable cooperation or strengthen the group feeling and at the same time offer many learnings for everyday life.<\/p>\n<h4>Solution<\/h4>\n<p>ebene c developed a special workshop design for the marketing day of the social services of Diakonie W\u00fcrttemberg: In an interactive lecture with illustrative examples and creative exercises, the approximately 100 participants received a practice-oriented intensive compact course on social marketing and creativity techniques.<\/p>\n<\/div>\n<\/div>\n\n\t\t<\/div>\n\t<\/div>\n<\/div><\/div><\/div><div class=\"wpb_column vc_column_container vc_col-sm-6\"><div class=\"vc_column-inner\"><div class=\"wpb_wrapper\">\n\t<div class=\"wpb_text_column wpb_content_element\" >\n\t\t<div class=\"wpb_wrapper\">\n\t\t\t<div>\n<div>\n<h4><strong>Client quote<\/strong><\/h4>\n<p><em>\"The feedback from the participants was extremely positive. Many of our facilities were able to take away concrete tips and plenty of inspiration. Especially the manner of the moderators was praised. It will not have been the last symposium of this kind.\"<\/em><\/p>\n<p>Johannes Kessler, Head of the Health, Ageing and Care Department<\/p>\n<\/div>\n<\/div>\n\n\t\t<\/div>\n\t<\/div>\n\n\t<div  class=\"wpb_single_image wpb_content_element vc_align_left  vc_custom_1579708073163\">\n\t\t\n\t\t<figure class=\"wpb_wrapper vc_figure\">\n\t\t\t<div class=\"vc_single_image-wrapper   vc_box_border_grey\"><img class=\"vc_single_image-img\" src=\"https:\/\/www.ebene-c.de\/wp-content\/uploads\/2019\/12\/Bildschirmfoto-2019-12-10-um-16.48.16-340x302.png\" width=\"340\" height=\"302\" alt=\"Bildschirmfoto 2019-12-10 um 16.48.16\" title=\"Bildschirmfoto 2019-12-10 um 16.48.16\" \/><\/div>\n\t\t<\/figure>\n\t<\/div>\n<\/div><\/div><\/div><\/div><div class=\"vc_row wpb_row vc_row-fluid\"><div class=\"wpb_column vc_column_container vc_col-sm-12\"><div class=\"vc_column-inner\"><div class=\"wpb_wrapper\"><div class=\"vc_separator wpb_content_element vc_separator_align_center vc_sep_width_100 vc_sep_border_width_2 vc_sep_pos_align_center vc_separator_no_text vc_sep_color_black\" ><span class=\"vc_sep_holder vc_sep_holder_l\"><span  class=\"vc_sep_line\"><\/span><\/span><span class=\"vc_sep_holder vc_sep_holder_r\"><span  class=\"vc_sep_line\"><\/span><\/span>\n<\/div><\/div><\/div><\/div><\/div>","protected":false},"excerpt":{"rendered":"Diakonisches Werk W\u00fcrttemberg \/ Design und Moderation Marketingfachtag _Design Fachtagung _Interaktive Workshopmodule _Kreativit\u00e4tstechniken Hintergrund Das Diakonische Werk W\u00fcrttemberg ist der Dachverband f\u00fcr \u00fcber 2.000 Einrichtungen<span class=\"excerpt-hellip\"> [\u2026]<\/span>","protected":false},"author":1,"featured_media":0,"parent":0,"menu_order":0,"comment_status":"closed","ping_status":"closed","template":"","meta":[],"_links":{"self":[{"href":"https:\/\/www.ebene-c.de\/en\/wp-json\/wp\/v2\/pages\/637"}],"collection":[{"href":"https:\/\/www.ebene-c.de\/en\/wp-json\/wp\/v2\/pages"}],"about":[{"href":"https:\/\/www.ebene-c.de\/en\/wp-json\/wp\/v2\/types\/page"}],"author":[{"embeddable":true,"href":"https:\/\/www.ebene-c.de\/en\/wp-json\/wp\/v2\/users\/1"}],"replies":[{"embeddable":true,"href":"https:\/\/www.ebene-c.de\/en\/wp-json\/wp\/v2\/comments?post=637"}],"version-history":[{"count":14,"href":"https:\/\/www.ebene-c.de\/en\/wp-json\/wp\/v2\/pages\/637\/revisions"}],"predecessor-version":[{"id":1523,"href":"https:\/\/www.ebene-c.de\/en\/wp-json\/wp\/v2\/pages\/637\/revisions\/1523"}],"wp:attachment":[{"href":"https:\/\/www.ebene-c.de\/en\/wp-json\/wp\/v2\/media?parent=637"}],"curies":[{"name":"wp","href":"https:\/\/api.w.org\/{rel}","templated":true}]}}